{"id":2579,"date":"2020-08-31T00:30:18","date_gmt":"2020-08-31T00:30:18","guid":{"rendered":"https:\/\/www.boutiquegeorgy.com\/?page_id=2579"},"modified":"2020-08-31T01:52:10","modified_gmt":"2020-08-31T01:52:10","slug":"services","status":"publish","type":"page","link":"https:\/\/www.linebeautyshop.fr\/fr_fr\/services\/","title":{"rendered":"Services"},"content":{"rendered":"<div class=\"vc_row wpb_row vc_row-fluid\"><div class=\"wpb_column vc_column_container vc_col-sm-12\"><div class=\"vc_column-inner\"><div class=\"wpb_wrapper\">\n\t<div class=\"wpb_text_column wpb_content_element  wpb_animate_when_almost_visible wpb_fadeInDown fadeInDown\" >\n\t\t<div class=\"wpb_wrapper\">\n\t\t\t<h2 style=\"text-align: center;\"><strong>Coiffure unisexe | V\u00eatements | Produits cosm\u00e9tiques<\/strong><br \/>\n<strong>Barber | Manucure | P\u00e9dicure<\/strong><\/h2>\n<h1 style=\"text-align: center;\"><a href=\"tel:5148389925\"><strong>514 838 9925<\/strong><\/a><\/h1>\n\n\t\t<\/div>\n\t<\/div>\n<\/div><\/div><\/div><\/div><div class=\"vc_row wpb_row vc_row-fluid\"><div class=\"wpb_column vc_column_container vc_col-sm-12\"><div class=\"vc_column-inner\"><div class=\"wpb_wrapper\"><div class=\"wpb_gallery wpb_content_element vc_clearfix\" ><div class=\"wpb_wrapper\"><div class=\"wpb_gallery_slides wpb_image_grid\" data-interval=\"3\"><ul class=\"wpb_image_grid_ul\"><li class=\"isotope-item\"><a class=\"prettyphoto\" href=\"\" data-rel=\"prettyPhoto[rel-2579-2090879079]\"><\/a><\/li><li class=\"isotope-item\"><a class=\"prettyphoto\" href=\"\" data-rel=\"prettyPhoto[rel-2579-2090879079]\"><\/a><\/li><li class=\"isotope-item\"><a class=\"prettyphoto\" href=\"\" data-rel=\"prettyPhoto[rel-2579-2090879079]\"><\/a><\/li><li class=\"isotope-item\"><a class=\"prettyphoto\" href=\"\" data-rel=\"prettyPhoto[rel-2579-2090879079]\"><\/a><\/li><li class=\"isotope-item\"><a class=\"prettyphoto\" href=\"\" data-rel=\"prettyPhoto[rel-2579-2090879079]\"><\/a><\/li><li class=\"isotope-item\"><a class=\"prettyphoto\" href=\"\" data-rel=\"prettyPhoto[rel-2579-2090879079]\"><\/a><\/li><\/ul><\/div><\/div><\/div><\/div><\/div><\/div><\/div>","protected":false},"excerpt":{"rendered":"Coiffure unisexe | V\u00eatements | Produits cosm\u00e9tiques Barber | Manucure | P\u00e9dicure 514 838 9925","protected":false},"author":1,"featured_media":0,"parent":0,"menu_order":0,"comment_status":"closed","ping_status":"closed","template":"","meta":{"footnotes":""},"class_list":["post-2579","page","type-page","status-publish","hentry"],"_links":{"self":[{"href":"https:\/\/www.linebeautyshop.fr\/fr_fr\/wp-json\/wp\/v2\/pages\/2579","targetHints":{"allow":["GET"]}}],"collection":[{"href":"https:\/\/www.linebeautyshop.fr\/fr_fr\/wp-json\/wp\/v2\/pages"}],"about":[{"href":"https:\/\/www.linebeautyshop.fr\/fr_fr\/wp-json\/wp\/v2\/types\/page"}],"author":[{"embeddable":true,"href":"https:\/\/www.linebeautyshop.fr\/fr_fr\/wp-json\/wp\/v2\/users\/1"}],"replies":[{"embeddable":true,"href":"https:\/\/www.linebeautyshop.fr\/fr_fr\/wp-json\/wp\/v2\/comments?post=2579"}],"version-history":[{"count":9,"href":"https:\/\/www.linebeautyshop.fr\/fr_fr\/wp-json\/wp\/v2\/pages\/2579\/revisions"}],"predecessor-version":[{"id":2595,"href":"https:\/\/www.linebeautyshop.fr\/fr_fr\/wp-json\/wp\/v2\/pages\/2579\/revisions\/2595"}],"wp:attachment":[{"href":"https:\/\/www.linebeautyshop.fr\/fr_fr\/wp-json\/wp\/v2\/media?parent=2579"}],"curies":[{"name":"wp","href":"https:\/\/api.w.org\/{rel}","templated":true}]}}