{"id":319,"date":"2016-08-23T04:15:21","date_gmt":"2016-08-23T04:15:21","guid":{"rendered":"http:\/\/demo.uix.store\/sober\/?page_id=319"},"modified":"2022-09-29T15:06:06","modified_gmt":"2022-09-29T15:06:06","slug":"a-propos","status":"publish","type":"page","link":"https:\/\/www.linebeautyshop.fr\/fr_fr\/a-propos\/","title":{"rendered":"\u00c0 propos"},"content":{"rendered":"<div class=\"vc_row wpb_row vc_row-fluid\"><div class=\"wpb_column vc_column_container vc_col-sm-8\"><div class=\"vc_column-inner\"><div class=\"wpb_wrapper\">\n\t<div class=\"wpb_text_column wpb_content_element  vc_custom_1664474900374\" >\n\t\t<div class=\"wpb_wrapper\">\n\t\t\t<h2>Qui sommes-nous ?<\/h2>\n<p>Line Beauty Shop est une entreprise sp\u00e9cialis\u00e9e dans la vente de perruques de cheveux 100% humains de haute qualit\u00e9, cosm\u00e9tiques et m\u00e8ches. Vous pouvez trouver diff\u00e9rents choix et mod\u00e8les et des prix abordables. Line Beauty Shop se caract\u00e9rise principalement par un service \u00e0 la client\u00e8le hors pair et une \u00e9coute attentive de ses clients afin de trouver la meilleure solution qui s\u2019offre \u00e0 eux.<\/p>\n<p>Line Beauty Shop est une marque qui s\u00e9lectionne les cheveux \u00e0 la main pour s\u2019assurer que la qualit\u00e9 est toujours haut de gamme. Nous proposons diff\u00e9rentes qualit\u00e9s pour convenir \u00e0 diff\u00e9rents budgets tout en respectant notre devise de n\u2019offrir qu\u2019une grande qualit\u00e9!<\/p>\n\n\t\t<\/div>\n\t<\/div>\n<\/div><\/div><\/div><div class=\"wpb_column vc_column_container vc_col-sm-4\"><div class=\"vc_column-inner\"><div class=\"wpb_wrapper\">\n\t<div  class=\"wpb_single_image wpb_content_element vc_align_left  vc_custom_1601839506408\">\n\t\t\n\t\t<figure class=\"wpb_wrapper vc_figure\">\n\t\t\t<div class=\"vc_single_image-wrapper   vc_box_border_grey\"><img loading=\"lazy\" decoding=\"async\" width=\"461\" height=\"461\" src=\"https:\/\/www.linebeautyshop.fr\/wp-content\/uploads\/2020\/09\/0-5.jpg\" class=\"vc_single_image-img attachment-large\" alt=\"\" srcset=\"https:\/\/www.linebeautyshop.fr\/wp-content\/uploads\/2020\/09\/0-5.jpg 461w, https:\/\/www.linebeautyshop.fr\/wp-content\/uploads\/2020\/09\/0-5-300x300.jpg 300w, https:\/\/www.linebeautyshop.fr\/wp-content\/uploads\/2020\/09\/0-5-150x150.jpg 150w, https:\/\/www.linebeautyshop.fr\/wp-content\/uploads\/2020\/09\/0-5-100x100.jpg 100w\" sizes=\"auto, (max-width: 461px) 100vw, 461px\" \/><\/div>\n\t\t<\/figure>\n\t<\/div>\n<\/div><\/div><\/div><\/div>","protected":false},"excerpt":{"rendered":"Qui sommes-nous ? Line Beauty Shop est une entreprise sp\u00e9cialis\u00e9e dans la vente de perruques&hellip;","protected":false},"author":1,"featured_media":0,"parent":0,"menu_order":0,"comment_status":"closed","ping_status":"closed","template":"","meta":{"footnotes":""},"class_list":["post-319","page","type-page","status-publish","hentry"],"_links":{"self":[{"href":"https:\/\/www.linebeautyshop.fr\/fr_fr\/wp-json\/wp\/v2\/pages\/319","targetHints":{"allow":["GET"]}}],"collection":[{"href":"https:\/\/www.linebeautyshop.fr\/fr_fr\/wp-json\/wp\/v2\/pages"}],"about":[{"href":"https:\/\/www.linebeautyshop.fr\/fr_fr\/wp-json\/wp\/v2\/types\/page"}],"author":[{"embeddable":true,"href":"https:\/\/www.linebeautyshop.fr\/fr_fr\/wp-json\/wp\/v2\/users\/1"}],"replies":[{"embeddable":true,"href":"https:\/\/www.linebeautyshop.fr\/fr_fr\/wp-json\/wp\/v2\/comments?post=319"}],"version-history":[{"count":5,"href":"https:\/\/www.linebeautyshop.fr\/fr_fr\/wp-json\/wp\/v2\/pages\/319\/revisions"}],"predecessor-version":[{"id":3208,"href":"https:\/\/www.linebeautyshop.fr\/fr_fr\/wp-json\/wp\/v2\/pages\/319\/revisions\/3208"}],"wp:attachment":[{"href":"https:\/\/www.linebeautyshop.fr\/fr_fr\/wp-json\/wp\/v2\/media?parent=319"}],"curies":[{"name":"wp","href":"https:\/\/api.w.org\/{rel}","templated":true}]}}