{"id":336,"date":"2016-08-23T06:28:43","date_gmt":"2016-08-23T06:28:43","guid":{"rendered":"http:\/\/demo.uix.store\/sober\/?page_id=336"},"modified":"2025-01-28T21:38:10","modified_gmt":"2025-01-28T21:38:10","slug":"nous-contacter","status":"publish","type":"page","link":"https:\/\/www.linebeautyshop.fr\/fr_fr\/nous-contacter\/","title":{"rendered":"Nous contacter"},"content":{"rendered":"<div class=\"vc_row wpb_row vc_row-fluid vc_custom_1480664533097\"><div class=\"wpb_column vc_column_container vc_col-sm-12 vc_col-lg-offset-2 vc_col-lg-8 vc_col-md-offset-0 vc_col-md-12 vc_col-sm-offset-0\"><div class=\"vc_column-inner\"><div class=\"wpb_wrapper\">\n\t<div class=\"wpb_text_column wpb_content_element  vc_custom_1598811318834\" >\n\t\t<div class=\"wpb_wrapper\">\n\t\t\t<p style=\"font-size: 18px; line-height: 34px;\">Si vous avez des questions ou avez besoin d&rsquo;informations compl\u00e9mentaires de notre part, veuillez remplir le formulaire ci-dessous. Nous r\u00e9pondrons \u00e0 votre demande dans les plus brefs d\u00e9lais.<\/p>\n\n\t\t<\/div>\n\t<\/div>\n<div class=\"sober-contact-box\"><div class=\"contact-info\">\n\t\t\t\t\t<svg width=\"20\" height=\"20\" class=\"info-icon\"><use xlink:href=\"#mail\"><\/use><\/svg>\n\t\t\t\t\t<span class=\"info-name\">Email<\/span>\n\t\t\t\t\t<span class=\"info-value\"><a href=\"mailto:alineviho@yahoo.fr\">alineviho@yahoo.fr<\/a><\/span>\n\t\t\t\t<\/div><\/div><h2 style=\"font-size: 32px;text-align: left\" class=\"vc_custom_heading vc_custom_1598811346812 text-left\">Pour nous \u00e9crire...<\/h2><div class=\"wpforms-container wpforms-container-full\" id=\"wpforms-3899\"><form id=\"wpforms-form-3899\" class=\"wpforms-validate wpforms-form wpforms-ajax-form\" data-formid=\"3899\" method=\"post\" enctype=\"multipart\/form-data\" action=\"\/fr_fr\/wp-json\/wp\/v2\/pages\/336\" data-token=\"2e287c3255d9b594d8b34934392c648e\" data-trp-original-action=\"\/fr_fr\/wp-json\/wp\/v2\/pages\/336\"><noscript class=\"wpforms-error-noscript\">Veuillez activer JavaScript dans votre navigateur pour remplir ce formulaire.<\/noscript><div class=\"wpforms-field-container\"><div id=\"wpforms-3899-field_2-container\" class=\"wpforms-field wpforms-field-text\" data-field-id=\"2\"><label class=\"wpforms-field-label\" for=\"wpforms-3899-field_2\">Votre pr\u00e9nom et nom de famille <span class=\"wpforms-required-label\">*<\/span><\/label><input type=\"text\" id=\"wpforms-3899-field_2\" class=\"wpforms-field-large wpforms-field-required\" name=\"wpforms[fields][2]\" required><\/div><div id=\"wpforms-3899-field_3-container\" class=\"wpforms-field wpforms-field-email\" data-field-id=\"3\"><label class=\"wpforms-field-label\" for=\"wpforms-3899-field_3\">Email <span class=\"wpforms-required-label\">*<\/span><\/label><input type=\"email\" id=\"wpforms-3899-field_3\" class=\"wpforms-field-large wpforms-field-required\" name=\"wpforms[fields][3]\" required><\/div><div id=\"wpforms-3899-field_4-container\" class=\"wpforms-field wpforms-field-phone\" data-field-id=\"4\"><label class=\"wpforms-field-label\" for=\"wpforms-3899-field_4\">T\u00e9l\u00e9phone<\/label><input type=\"tel\" id=\"wpforms-3899-field_4\" class=\"wpforms-field-large\" data-rule-int-phone-field=\"true\" name=\"wpforms[fields][4]\" ><\/div><div id=\"wpforms-3899-field_5-container\" class=\"wpforms-field wpforms-field-textarea\" data-field-id=\"5\"><label class=\"wpforms-field-label\" for=\"wpforms-3899-field_5\">Votre message<\/label><textarea id=\"wpforms-3899-field_5\" class=\"wpforms-field-large\" name=\"wpforms[fields][5]\" ><\/textarea><\/div><\/div><div class=\"wpforms-submit-container\"><input type=\"hidden\" name=\"wpforms[id]\" value=\"3899\"><input type=\"hidden\" name=\"wpforms[author]\" value=\"1\"><button type=\"submit\" name=\"wpforms[submit]\" id=\"wpforms-submit-3899\" class=\"wpforms-submit\" data-alt-text=\"En cours d&#039;envoi...\" data-submit-text=\"Envoyer\" aria-live=\"assertive\" value=\"wpforms-submit\">Envoyer<\/button><img loading=\"lazy\" decoding=\"async\" src=\"https:\/\/www.linebeautyshop.fr\/wp-content\/plugins\/wpforms\/assets\/images\/submit-spin.svg\" class=\"wpforms-submit-spinner\" style=\"display: none;\" width=\"26\" height=\"26\" alt=\"\"><\/div><input type=\"hidden\" name=\"trp-form-language\" value=\"fr_fr\"\/><\/form><\/div>  <!-- .wpforms-container --><\/div><\/div><\/div><\/div><div data-vc-full-width=\"true\" data-vc-full-width-init=\"false\" data-vc-stretch-content=\"true\" class=\"vc_row wpb_row vc_row-fluid vc_custom_1738100266932 vc_row-has-fill\"><div class=\"wpb_column vc_column_container vc_col-sm-12 vc_col-lg-6 vc_col-md-12\"><div class=\"vc_column-inner\"><div class=\"wpb_wrapper\"><\/div><\/div><\/div><\/div><div class=\"vc_row-full-width vc_clearfix\"><\/div>","protected":false},"excerpt":{"rendered":"Si vous avez des questions ou avez besoin d'informations compl\u00e9mentaires de notre part, veuillez remplir&hellip;","protected":false},"author":1,"featured_media":0,"parent":0,"menu_order":0,"comment_status":"closed","ping_status":"closed","template":"","meta":{"footnotes":""},"class_list":["post-336","page","type-page","status-publish","hentry"],"_links":{"self":[{"href":"https:\/\/www.linebeautyshop.fr\/fr_fr\/wp-json\/wp\/v2\/pages\/336","targetHints":{"allow":["GET"]}}],"collection":[{"href":"https:\/\/www.linebeautyshop.fr\/fr_fr\/wp-json\/wp\/v2\/pages"}],"about":[{"href":"https:\/\/www.linebeautyshop.fr\/fr_fr\/wp-json\/wp\/v2\/types\/page"}],"author":[{"embeddable":true,"href":"https:\/\/www.linebeautyshop.fr\/fr_fr\/wp-json\/wp\/v2\/users\/1"}],"replies":[{"embeddable":true,"href":"https:\/\/www.linebeautyshop.fr\/fr_fr\/wp-json\/wp\/v2\/comments?post=336"}],"version-history":[{"count":5,"href":"https:\/\/www.linebeautyshop.fr\/fr_fr\/wp-json\/wp\/v2\/pages\/336\/revisions"}],"predecessor-version":[{"id":3943,"href":"https:\/\/www.linebeautyshop.fr\/fr_fr\/wp-json\/wp\/v2\/pages\/336\/revisions\/3943"}],"wp:attachment":[{"href":"https:\/\/www.linebeautyshop.fr\/fr_fr\/wp-json\/wp\/v2\/media?parent=336"}],"curies":[{"name":"wp","href":"https:\/\/api.w.org\/{rel}","templated":true}]}}