{"id":347,"date":"2016-08-23T06:44:55","date_gmt":"2016-08-23T06:44:55","guid":{"rendered":"http:\/\/demo.uix.store\/sober\/?page_id=347"},"modified":"2025-01-28T21:39:51","modified_gmt":"2025-01-28T21:39:51","slug":"faqs","status":"publish","type":"page","link":"https:\/\/www.linebeautyshop.fr\/fr_fr\/faqs\/","title":{"rendered":"FAQs"},"content":{"rendered":"<div class=\"vc_row wpb_row vc_row-fluid\"><div class=\"wpb_column vc_column_container vc_col-sm-12\"><div class=\"vc_column-inner\"><div class=\"wpb_wrapper\"><div class=\"sober-faq\">\n\t\t\t\t<div class=\"question\">\n\t\t\t\t\t<span class=\"question-label\">Question<\/span>\n\t\t\t\t\t<span class=\"question-icon\"><span class=\"toggle-icon\"><\/span><\/span>\n\t\t\t\t\t<span class=\"question-title\">Quels sont les d\u00e9lais de livraison?<\/span>\n\t\t\t\t<\/div>\n\t\t\t\t<div class=\"answer\"><span class=\"answer-label\">Answer<\/span>Nous prenons 1 \u00e0 2 jours pour traiter votre commande et 3 \u00e0 5 jours pour la livrer. Vous pouvez toujours contacter notre service client pour obtenir des informations sur votre commande.<\/div>\n\t\t\t<\/div><div class=\"sober-faq\">\n\t\t\t\t<div class=\"question\">\n\t\t\t\t\t<span class=\"question-label\">Question<\/span>\n\t\t\t\t\t<span class=\"question-icon\"><span class=\"toggle-icon\"><\/span><\/span>\n\t\t\t\t\t<span class=\"question-title\">O\u00f9 vous situez-vous?<\/span>\n\t\t\t\t<\/div>\n\t\t\t\t<div class=\"answer\"><span class=\"answer-label\">Answer<\/span>Nous sommes situ\u00e9s dans la ville de Nantes &#8211; France<\/div>\n\t\t\t<\/div><div class=\"sober-faq\">\n\t\t\t\t<div class=\"question\">\n\t\t\t\t\t<span class=\"question-label\">Question<\/span>\n\t\t\t\t\t<span class=\"question-icon\"><span class=\"toggle-icon\"><\/span><\/span>\n\t\t\t\t\t<span class=\"question-title\">Livrez-vous n&#039;importe o\u00f9 dans le monde?<\/span>\n\t\t\t\t<\/div>\n\t\t\t\t<div class=\"answer\"><span class=\"answer-label\">Answer<\/span>Oui, nous livrons absolument partout!<\/div>\n\t\t\t<\/div><div class=\"sober-faq\">\n\t\t\t\t<div class=\"question\">\n\t\t\t\t\t<span class=\"question-label\">Question<\/span>\n\t\t\t\t\t<span class=\"question-icon\"><span class=\"toggle-icon\"><\/span><\/span>\n\t\t\t\t\t<span class=\"question-title\">Je n&#039;ai toujours pas re\u00e7u ma commande. Qu&#039;est-ce qui prend autant de temps?<\/span>\n\t\t\t\t<\/div>\n\t\t\t\t<div class=\"answer\"><span class=\"answer-label\">Answer<\/span>Nous nous excusons pour le retard. Parfois, l&rsquo;exp\u00e9dition internationale peut prendre plus de temps que pr\u00e9vu en raison du d\u00e9douanement. Vous pouvez \u00e0 la place suivre votre commande et voir o\u00f9 elle se trouve \u00e0 tout moment. Si vous pensez toujours que vous avez besoin d&rsquo;aide pour suivre votre colis ou si vous souhaitez vous renseigner \u00e0 ce sujet, veuillez nous contacter par e-mail \u00e0: <a href=\"mailto:alineviho@yahoo.fr\">alineviho@yahoo.fr<\/a><\/div>\n\t\t\t<\/div><div class=\"sober-faq\">\n\t\t\t\t<div class=\"question\">\n\t\t\t\t\t<span class=\"question-label\">Question<\/span>\n\t\t\t\t\t<span class=\"question-icon\"><span class=\"toggle-icon\"><\/span><\/span>\n\t\t\t\t\t<span class=\"question-title\">Comment annuler ma commande?<\/span>\n\t\t\t\t<\/div>\n\t\t\t\t<div class=\"answer\"><span class=\"answer-label\">Answer<\/span>Vous pouvez annuler votre commande tant qu&rsquo;elle n&rsquo;a pas encore \u00e9t\u00e9 envoy\u00e9e en envoyant un email \u00e0 <a href=\"mailto:alineviho@yahoo.fr\">alineviho@yahoo.fr<\/a><\/div>\n\t\t\t<\/div><\/div><\/div><\/div><\/div>","protected":false},"excerpt":{"rendered":"Question Quels sont les d\u00e9lais de livraison? AnswerNous prenons 1 \u00e0 2 jours pour traiter&hellip;","protected":false},"author":1,"featured_media":0,"parent":0,"menu_order":0,"comment_status":"closed","ping_status":"closed","template":"","meta":{"footnotes":""},"class_list":["post-347","page","type-page","status-publish","hentry"],"_links":{"self":[{"href":"https:\/\/www.linebeautyshop.fr\/fr_fr\/wp-json\/wp\/v2\/pages\/347","targetHints":{"allow":["GET"]}}],"collection":[{"href":"https:\/\/www.linebeautyshop.fr\/fr_fr\/wp-json\/wp\/v2\/pages"}],"about":[{"href":"https:\/\/www.linebeautyshop.fr\/fr_fr\/wp-json\/wp\/v2\/types\/page"}],"author":[{"embeddable":true,"href":"https:\/\/www.linebeautyshop.fr\/fr_fr\/wp-json\/wp\/v2\/users\/1"}],"replies":[{"embeddable":true,"href":"https:\/\/www.linebeautyshop.fr\/fr_fr\/wp-json\/wp\/v2\/comments?post=347"}],"version-history":[{"count":5,"href":"https:\/\/www.linebeautyshop.fr\/fr_fr\/wp-json\/wp\/v2\/pages\/347\/revisions"}],"predecessor-version":[{"id":3944,"href":"https:\/\/www.linebeautyshop.fr\/fr_fr\/wp-json\/wp\/v2\/pages\/347\/revisions\/3944"}],"wp:attachment":[{"href":"https:\/\/www.linebeautyshop.fr\/fr_fr\/wp-json\/wp\/v2\/media?parent=347"}],"curies":[{"name":"wp","href":"https:\/\/api.w.org\/{rel}","templated":true}]}}