{"id":2869,"date":"2020-09-21T02:46:25","date_gmt":"2020-09-21T02:46:25","guid":{"rendered":"http:\/\/www.lesperlesdaline.com\/?post_type=product&#038;p=2869"},"modified":"2022-09-27T23:12:36","modified_gmt":"2022-09-27T23:12:36","slug":"perles-29","status":"publish","type":"product","link":"https:\/\/www.linebeautyshop.fr\/fr_fr\/produit\/perles-29\/","title":{"rendered":"Perles n\u00b029"},"content":{"rendered":"<ul>\n<li><em>Article fait main.<\/em><\/li>\n<li><em>Longueur : 112cm .(M)<br \/>\n<\/em><\/li>\n<li><em>Fermeture :\u00a0 \u00e0 ajuster \u00e0 sa taille en faisant un noeud.<\/em><\/li>\n<li>Les perles peuvent \u00eatre utilis\u00e9es dans une vari\u00e9t\u00e9 d&rsquo;applications.<\/li>\n<li>Cela peut \u00eatre non seulement des perles de taille, mais peut \u00e9galement \u00eatre port\u00e9 comme un collier, un bracelet ou un bracelet de cheville.<\/li>\n<\/ul>\n<p>&nbsp;<\/p>\n<p>&nbsp;<\/p>","protected":false},"excerpt":{"rendered":"<h4><strong><em>Origine : perles de rocaille pour tour de taille.<\/em><\/strong><\/h4>\n<h4><em><strong>Ceintures durables et color\u00e9es peuvent \u00eatre port\u00e9es avec vos propres v\u00eatements selon votre style.<\/strong><\/em><\/h4>\n<h4><strong><em>Perles de taille rocaille africaines fait main.<\/em><\/strong><br \/>\n<strong><em>112 cm. (M)<br \/>\n<\/em><\/strong><\/h4>\n<p>&nbsp;<\/p>","protected":false},"featured_media":2742,"comment_status":"closed","ping_status":"closed","template":"","meta":[],"product_brand":[],"product_cat":[15],"product_tag":[],"class_list":{"0":"post-2869","1":"product","2":"type-product","3":"status-publish","4":"has-post-thumbnail","6":"product_cat-perles","8":"first","9":"instock","10":"shipping-taxable","11":"purchasable","12":"product-type-simple","13":"new","14":"layout-style-1","15":"col-md-4 col-sm-4 col-xs-6","16":"col-lg-3","17":"product-has-gallery","18":"product-style-default"},"_links":{"self":[{"href":"https:\/\/www.linebeautyshop.fr\/fr_fr\/wp-json\/wp\/v2\/product\/2869","targetHints":{"allow":["GET"]}}],"collection":[{"href":"https:\/\/www.linebeautyshop.fr\/fr_fr\/wp-json\/wp\/v2\/product"}],"about":[{"href":"https:\/\/www.linebeautyshop.fr\/fr_fr\/wp-json\/wp\/v2\/types\/product"}],"replies":[{"embeddable":true,"href":"https:\/\/www.linebeautyshop.fr\/fr_fr\/wp-json\/wp\/v2\/comments?post=2869"}],"wp:featuredmedia":[{"embeddable":true,"href":"https:\/\/www.linebeautyshop.fr\/fr_fr\/wp-json\/wp\/v2\/media\/2742"}],"wp:attachment":[{"href":"https:\/\/www.linebeautyshop.fr\/fr_fr\/wp-json\/wp\/v2\/media?parent=2869"}],"wp:term":[{"taxonomy":"product_brand","embeddable":true,"href":"https:\/\/www.linebeautyshop.fr\/fr_fr\/wp-json\/wp\/v2\/product_brand?post=2869"},{"taxonomy":"product_cat","embeddable":true,"href":"https:\/\/www.linebeautyshop.fr\/fr_fr\/wp-json\/wp\/v2\/product_cat?post=2869"},{"taxonomy":"product_tag","embeddable":true,"href":"https:\/\/www.linebeautyshop.fr\/fr_fr\/wp-json\/wp\/v2\/product_tag?post=2869"}],"curies":[{"name":"wp","href":"https:\/\/api.w.org\/{rel}","templated":true}]}}