{"id":2972,"date":"2022-09-23T14:05:46","date_gmt":"2022-09-23T14:05:46","guid":{"rendered":"http:\/\/www.lesperlesdaline.com\/?post_type=product&#038;p=2972"},"modified":"2022-10-01T14:55:14","modified_gmt":"2022-10-01T14:55:14","slug":"gamme-white-secret-a-laction-eclaircissante","status":"publish","type":"product","link":"https:\/\/www.linebeautyshop.fr\/fr_fr\/produit\/gamme-white-secret-a-laction-eclaircissante\/","title":{"rendered":"Gamme white secret \u00e0 l\u2019action \u00e9claircissante"},"content":{"rendered":"","protected":false},"excerpt":{"rendered":"<p>La gamme white secret \u00e0 l\u2019action \u00e9claircissante \u00e0 \u00e9t\u00e9 \u00e9labor\u00e9 pour traiter et illuminer votre peau. Grace \u00e0 sa formule enrichie en acides de fruits de vitamine C et E elle aide \u00e0 acc\u00e9l\u00e9rer l\u2019\u00e9claircissement de la peau, \u00e0 \u00e9liminer les taches noires et les boutons et traiter les colorations disgracieuses. Appliquez tous les jours les effets seront visibles apr\u00e8s les premi\u00e8res utilisations, votre peau sera plus lumineuse, le teint clair et plus unifi\u00e9<\/p>","protected":false},"featured_media":2973,"comment_status":"closed","ping_status":"closed","template":"","meta":[],"product_brand":[],"product_cat":[79,84],"product_tag":[],"class_list":{"0":"post-2972","1":"product","2":"type-product","3":"status-publish","4":"has-post-thumbnail","6":"product_cat-cosmetique","7":"product_cat-gammes","9":"first","10":"instock","11":"shipping-taxable","12":"purchasable","13":"product-type-simple","14":"layout-style-1","15":"col-md-4 col-sm-4 col-xs-6","16":"col-lg-3","17":"product-style-default"},"_links":{"self":[{"href":"https:\/\/www.linebeautyshop.fr\/fr_fr\/wp-json\/wp\/v2\/product\/2972","targetHints":{"allow":["GET"]}}],"collection":[{"href":"https:\/\/www.linebeautyshop.fr\/fr_fr\/wp-json\/wp\/v2\/product"}],"about":[{"href":"https:\/\/www.linebeautyshop.fr\/fr_fr\/wp-json\/wp\/v2\/types\/product"}],"replies":[{"embeddable":true,"href":"https:\/\/www.linebeautyshop.fr\/fr_fr\/wp-json\/wp\/v2\/comments?post=2972"}],"wp:featuredmedia":[{"embeddable":true,"href":"https:\/\/www.linebeautyshop.fr\/fr_fr\/wp-json\/wp\/v2\/media\/2973"}],"wp:attachment":[{"href":"https:\/\/www.linebeautyshop.fr\/fr_fr\/wp-json\/wp\/v2\/media?parent=2972"}],"wp:term":[{"taxonomy":"product_brand","embeddable":true,"href":"https:\/\/www.linebeautyshop.fr\/fr_fr\/wp-json\/wp\/v2\/product_brand?post=2972"},{"taxonomy":"product_cat","embeddable":true,"href":"https:\/\/www.linebeautyshop.fr\/fr_fr\/wp-json\/wp\/v2\/product_cat?post=2972"},{"taxonomy":"product_tag","embeddable":true,"href":"https:\/\/www.linebeautyshop.fr\/fr_fr\/wp-json\/wp\/v2\/product_tag?post=2972"}],"curies":[{"name":"wp","href":"https:\/\/api.w.org\/{rel}","templated":true}]}}