{"id":2974,"date":"2022-09-23T14:06:51","date_gmt":"2022-09-23T14:06:51","guid":{"rendered":"http:\/\/www.lesperlesdaline.com\/?post_type=product&#038;p=2974"},"modified":"2022-10-20T19:35:35","modified_gmt":"2022-10-20T19:35:35","slug":"lotion-pure-egyptian-whitening-gold","status":"publish","type":"product","link":"https:\/\/www.linebeautyshop.fr\/fr_fr\/produit\/lotion-pure-egyptian-whitening-gold\/","title":{"rendered":"Lotion pure Egyptian  Whitening Gold 300ml"},"content":{"rendered":"","protected":false},"excerpt":{"rendered":"<p>La lotion pure Egyptian Whitening Gold est une puissante cr\u00e8me blanchissante. C\u2019est un excellent lait pour le corps et le visage. il fonctionne tr\u00e8s bien pour supprimer les zones sombre aux genoux \u00b4 coudes et cuisses. Cette lotion aide \u00e9galement \u00e0 all\u00e9ger les t\u00e2ches de rousseurs, d\u2019hyperpigmentation, les boutons, les rides\u2026. toutes les imperfections<\/p>","protected":false},"featured_media":2976,"comment_status":"closed","ping_status":"closed","template":"","meta":[],"product_brand":[],"product_cat":[79,81],"product_tag":[],"class_list":{"0":"post-2974","1":"product","2":"type-product","3":"status-publish","4":"has-post-thumbnail","6":"product_cat-cosmetique","7":"product_cat-laits","9":"first","10":"instock","11":"shipping-taxable","12":"purchasable","13":"product-type-simple","14":"layout-style-1","15":"col-md-4 col-sm-4 col-xs-6","16":"col-lg-3","17":"product-has-gallery","18":"product-style-default"},"_links":{"self":[{"href":"https:\/\/www.linebeautyshop.fr\/fr_fr\/wp-json\/wp\/v2\/product\/2974","targetHints":{"allow":["GET"]}}],"collection":[{"href":"https:\/\/www.linebeautyshop.fr\/fr_fr\/wp-json\/wp\/v2\/product"}],"about":[{"href":"https:\/\/www.linebeautyshop.fr\/fr_fr\/wp-json\/wp\/v2\/types\/product"}],"replies":[{"embeddable":true,"href":"https:\/\/www.linebeautyshop.fr\/fr_fr\/wp-json\/wp\/v2\/comments?post=2974"}],"wp:featuredmedia":[{"embeddable":true,"href":"https:\/\/www.linebeautyshop.fr\/fr_fr\/wp-json\/wp\/v2\/media\/2976"}],"wp:attachment":[{"href":"https:\/\/www.linebeautyshop.fr\/fr_fr\/wp-json\/wp\/v2\/media?parent=2974"}],"wp:term":[{"taxonomy":"product_brand","embeddable":true,"href":"https:\/\/www.linebeautyshop.fr\/fr_fr\/wp-json\/wp\/v2\/product_brand?post=2974"},{"taxonomy":"product_cat","embeddable":true,"href":"https:\/\/www.linebeautyshop.fr\/fr_fr\/wp-json\/wp\/v2\/product_cat?post=2974"},{"taxonomy":"product_tag","embeddable":true,"href":"https:\/\/www.linebeautyshop.fr\/fr_fr\/wp-json\/wp\/v2\/product_tag?post=2974"}],"curies":[{"name":"wp","href":"https:\/\/api.w.org\/{rel}","templated":true}]}}