{"id":2981,"date":"2022-09-23T14:08:18","date_gmt":"2022-09-23T14:08:18","guid":{"rendered":"http:\/\/www.lesperlesdaline.com\/?post_type=product&#038;p=2981"},"modified":"2022-10-20T15:38:14","modified_gmt":"2022-10-20T15:38:14","slug":"lotion-melie-white-orange-100-ml","status":"publish","type":"product","link":"https:\/\/www.linebeautyshop.fr\/fr_fr\/produit\/lotion-melie-white-orange-100-ml\/","title":{"rendered":"LOTION MELIE WHITE ORANGE 100 ML"},"content":{"rendered":"","protected":false},"excerpt":{"rendered":"<p>Lotion Melie White ORANGE Tonique, purifiante et \u00e9claircissant aux acides de fruits Eclaircissante s\u2019adapte \u00e0 tout type de peau Efficace contre les cicatrices, t\u00e2ches noires, boutons Enrichi en vitamine E donne une peau lisse et souple Utilisation Imbiber sur du coton sec et appliquer 01 \u00e0 02 fois par jour sur le visage et le cou et les autres parties \u00e0 traiter Peut \u00eatre m\u00e9langer dans votre lait de toilette neutre (sans \u00e9claircissant) #R\u00e9sultat : Une peau nette, claire, uniforme et sans t\u00e2ches. Pour tout type de teint Eclaircissement rapide<\/p>","protected":false},"featured_media":2984,"comment_status":"closed","ping_status":"closed","template":"","meta":[],"product_brand":[],"product_cat":[79,86],"product_tag":[],"class_list":{"0":"post-2981","1":"product","2":"type-product","3":"status-publish","4":"has-post-thumbnail","6":"product_cat-cosmetique","7":"product_cat-lotion","9":"first","10":"instock","11":"shipping-taxable","12":"purchasable","13":"product-type-simple","14":"layout-style-1","15":"col-md-4 col-sm-4 col-xs-6","16":"col-lg-3","17":"product-has-gallery","18":"product-style-default"},"_links":{"self":[{"href":"https:\/\/www.linebeautyshop.fr\/fr_fr\/wp-json\/wp\/v2\/product\/2981","targetHints":{"allow":["GET"]}}],"collection":[{"href":"https:\/\/www.linebeautyshop.fr\/fr_fr\/wp-json\/wp\/v2\/product"}],"about":[{"href":"https:\/\/www.linebeautyshop.fr\/fr_fr\/wp-json\/wp\/v2\/types\/product"}],"replies":[{"embeddable":true,"href":"https:\/\/www.linebeautyshop.fr\/fr_fr\/wp-json\/wp\/v2\/comments?post=2981"}],"wp:featuredmedia":[{"embeddable":true,"href":"https:\/\/www.linebeautyshop.fr\/fr_fr\/wp-json\/wp\/v2\/media\/2984"}],"wp:attachment":[{"href":"https:\/\/www.linebeautyshop.fr\/fr_fr\/wp-json\/wp\/v2\/media?parent=2981"}],"wp:term":[{"taxonomy":"product_brand","embeddable":true,"href":"https:\/\/www.linebeautyshop.fr\/fr_fr\/wp-json\/wp\/v2\/product_brand?post=2981"},{"taxonomy":"product_cat","embeddable":true,"href":"https:\/\/www.linebeautyshop.fr\/fr_fr\/wp-json\/wp\/v2\/product_cat?post=2981"},{"taxonomy":"product_tag","embeddable":true,"href":"https:\/\/www.linebeautyshop.fr\/fr_fr\/wp-json\/wp\/v2\/product_tag?post=2981"}],"curies":[{"name":"wp","href":"https:\/\/api.w.org\/{rel}","templated":true}]}}