{"id":2985,"date":"2022-09-23T14:09:22","date_gmt":"2022-09-23T14:09:22","guid":{"rendered":"http:\/\/www.lesperlesdaline.com\/?post_type=product&#038;p=2985"},"modified":"2022-10-01T14:51:01","modified_gmt":"2022-10-01T14:51:01","slug":"serum-lait-eclaircissant-magie-egyptienne-nature-secrete","status":"publish","type":"product","link":"https:\/\/www.linebeautyshop.fr\/fr_fr\/produit\/serum-lait-eclaircissant-magie-egyptienne-nature-secrete\/","title":{"rendered":"S\u00e9rum \u00c9claircissant Magie Egyptienne Nature Secr\u00e8te"},"content":{"rendered":"","protected":false},"excerpt":{"rendered":"<p>S\u00e9rum \u00c9claircissant Magie Egyptienne Nature Secr\u00e8te Contenance: 50ml.<\/p>\n<p> \tAtt\u00e9nue les vergetures<br \/>\n \tEclaircit la peau<br \/>\n \tEfface les taches brunes<br \/>\n \tHydrate la peau<\/p>","protected":false},"featured_media":2987,"comment_status":"closed","ping_status":"closed","template":"","meta":[],"product_brand":[],"product_cat":[79,82],"product_tag":[],"class_list":{"0":"post-2985","1":"product","2":"type-product","3":"status-publish","4":"has-post-thumbnail","6":"product_cat-cosmetique","7":"product_cat-serums","9":"first","10":"instock","11":"shipping-taxable","12":"purchasable","13":"product-type-simple","14":"layout-style-1","15":"col-md-4 col-sm-4 col-xs-6","16":"col-lg-3","17":"product-has-gallery","18":"product-style-default"},"_links":{"self":[{"href":"https:\/\/www.linebeautyshop.fr\/fr_fr\/wp-json\/wp\/v2\/product\/2985","targetHints":{"allow":["GET"]}}],"collection":[{"href":"https:\/\/www.linebeautyshop.fr\/fr_fr\/wp-json\/wp\/v2\/product"}],"about":[{"href":"https:\/\/www.linebeautyshop.fr\/fr_fr\/wp-json\/wp\/v2\/types\/product"}],"replies":[{"embeddable":true,"href":"https:\/\/www.linebeautyshop.fr\/fr_fr\/wp-json\/wp\/v2\/comments?post=2985"}],"wp:featuredmedia":[{"embeddable":true,"href":"https:\/\/www.linebeautyshop.fr\/fr_fr\/wp-json\/wp\/v2\/media\/2987"}],"wp:attachment":[{"href":"https:\/\/www.linebeautyshop.fr\/fr_fr\/wp-json\/wp\/v2\/media?parent=2985"}],"wp:term":[{"taxonomy":"product_brand","embeddable":true,"href":"https:\/\/www.linebeautyshop.fr\/fr_fr\/wp-json\/wp\/v2\/product_brand?post=2985"},{"taxonomy":"product_cat","embeddable":true,"href":"https:\/\/www.linebeautyshop.fr\/fr_fr\/wp-json\/wp\/v2\/product_cat?post=2985"},{"taxonomy":"product_tag","embeddable":true,"href":"https:\/\/www.linebeautyshop.fr\/fr_fr\/wp-json\/wp\/v2\/product_tag?post=2985"}],"curies":[{"name":"wp","href":"https:\/\/api.w.org\/{rel}","templated":true}]}}