{"id":3028,"date":"2022-09-27T23:46:49","date_gmt":"2022-09-27T23:46:49","guid":{"rendered":"https:\/\/www.linebeautyshop.com\/?post_type=product&#038;p=3028"},"modified":"2022-10-01T14:46:51","modified_gmt":"2022-10-01T14:46:51","slug":"pure-egyptian-magic-gold-serum-100ml","status":"publish","type":"product","link":"https:\/\/www.linebeautyshop.fr\/fr_fr\/produit\/pure-egyptian-magic-gold-serum-100ml\/","title":{"rendered":"Pure Egyptian Magic Gold Serum 100ml"},"content":{"rendered":"","protected":false},"excerpt":{"rendered":"<p>r\u00e9pare et blanchit la peau la nuit lorsque le renouvellement cellulaire est \u00e0 son apog\u00e9e. Sa puissante formule \u00e0 base d&rsquo;eau compos\u00e9e de glutathion et d&rsquo;acide kojique, minimise les ridules et aide \u00e0 r\u00e9duire l&rsquo;apparence des cicatrices et des imperfections pour une peau plus lisse. Ses hydratants aident la peau \u00e0 retrouver son \u00e9lasticit\u00e9 et sa souplesse tandis que la carragh\u00e9nine et les extraits raffermissent et raffermissent la peau, aident \u00e0 \u00e9claircir et \u00e9claircissant pour r\u00e9v\u00e9ler une peau d&rsquo;apparence plus fra\u00eeche et plus jeune. 14jours S\u00e9rum\u00a0 visage et corps. Ingr\u00e9dients\u00a0: glutathion, acide kojique, butyl\u00e8ne glycol, extrait de papaye, glyc\u00e9rine, acide alpha-hydroxy.<\/p>","protected":false},"featured_media":3029,"comment_status":"closed","ping_status":"closed","template":"","meta":[],"product_brand":[],"product_cat":[79,82],"product_tag":[],"class_list":{"0":"post-3028","1":"product","2":"type-product","3":"status-publish","4":"has-post-thumbnail","6":"product_cat-cosmetique","7":"product_cat-serums","9":"first","10":"instock","11":"shipping-taxable","12":"purchasable","13":"product-type-simple","14":"layout-style-1","15":"col-md-4 col-sm-4 col-xs-6","16":"col-lg-3","17":"product-has-gallery","18":"product-style-default"},"_links":{"self":[{"href":"https:\/\/www.linebeautyshop.fr\/fr_fr\/wp-json\/wp\/v2\/product\/3028","targetHints":{"allow":["GET"]}}],"collection":[{"href":"https:\/\/www.linebeautyshop.fr\/fr_fr\/wp-json\/wp\/v2\/product"}],"about":[{"href":"https:\/\/www.linebeautyshop.fr\/fr_fr\/wp-json\/wp\/v2\/types\/product"}],"replies":[{"embeddable":true,"href":"https:\/\/www.linebeautyshop.fr\/fr_fr\/wp-json\/wp\/v2\/comments?post=3028"}],"wp:featuredmedia":[{"embeddable":true,"href":"https:\/\/www.linebeautyshop.fr\/fr_fr\/wp-json\/wp\/v2\/media\/3029"}],"wp:attachment":[{"href":"https:\/\/www.linebeautyshop.fr\/fr_fr\/wp-json\/wp\/v2\/media?parent=3028"}],"wp:term":[{"taxonomy":"product_brand","embeddable":true,"href":"https:\/\/www.linebeautyshop.fr\/fr_fr\/wp-json\/wp\/v2\/product_brand?post=3028"},{"taxonomy":"product_cat","embeddable":true,"href":"https:\/\/www.linebeautyshop.fr\/fr_fr\/wp-json\/wp\/v2\/product_cat?post=3028"},{"taxonomy":"product_tag","embeddable":true,"href":"https:\/\/www.linebeautyshop.fr\/fr_fr\/wp-json\/wp\/v2\/product_tag?post=3028"}],"curies":[{"name":"wp","href":"https:\/\/api.w.org\/{rel}","templated":true}]}}