{"id":3045,"date":"2022-09-28T00:44:59","date_gmt":"2022-09-28T00:44:59","guid":{"rendered":"https:\/\/www.linebeautyshop.com\/?post_type=product&#038;p=3045"},"modified":"2023-04-06T16:42:09","modified_gmt":"2023-04-06T16:42:09","slug":"gel-de-douche-pure-egyptian-1000ml","status":"publish","type":"product","link":"https:\/\/www.linebeautyshop.fr\/fr_fr\/produit\/gel-de-douche-pure-egyptian-1000ml\/","title":{"rendered":"GEL DE DOUCHE PURE EGYPTIAN 1000ML"},"content":{"rendered":"<p dir=\"ltr\">GEL de douche triple action PURE EGYPTIAN MAGIC BLANCHISSANT teint m\u00e9tisse \u00e0 la TOMATE et \u00e0 la CAROTTE<img decoding=\"async\" src=\"https:\/\/static.xx.fbcdn.net\/images\/emoji.php\/v9\/td8\/1.5\/16\/2714.png\" \/>Ps: r\u00e9sultat en 10jours propreascorbique ces ingr\u00e9dients aident \u00e0 \u00e9claircir voir blanchir la peau en la rendant satin\u00e9e et uniforme<\/p>\n<p dir=\"ltr\">ce gel douche hydrate et nettoie la peau tout en la laissant souple, blanche, fraiche et douce tel la peau d\u2019un bebe apr\u00e8s le bain<\/p>\n<p dir=\"ltr\">il convient \u00e0 tout types de peaux.<\/p>\n<p dir=\"ltr\">le second model est fait \u00e0 base de carotte, \u0153ufs, poudre de Glutathion et acides<\/p>\n<p dir=\"ltr\">ascorbique<\/p>","protected":false},"excerpt":{"rendered":"<p>GEL de douche triple action PURE EGYPTIAN MAGIC BLANCHISSANT teint m\u00e9tisse \u00e0 la TOMATE et&hellip;<\/p>","protected":false},"featured_media":3046,"comment_status":"closed","ping_status":"closed","template":"","meta":[],"product_brand":[],"product_cat":[79,80],"product_tag":[],"class_list":{"0":"post-3045","1":"product","2":"type-product","3":"status-publish","4":"has-post-thumbnail","6":"product_cat-cosmetique","7":"product_cat-gels-douche","9":"first","10":"instock","11":"shipping-taxable","12":"purchasable","13":"product-type-simple","14":"layout-style-1","15":"col-md-4 col-sm-4 col-xs-6","16":"col-lg-3","17":"product-has-gallery","18":"product-style-default"},"_links":{"self":[{"href":"https:\/\/www.linebeautyshop.fr\/fr_fr\/wp-json\/wp\/v2\/product\/3045","targetHints":{"allow":["GET"]}}],"collection":[{"href":"https:\/\/www.linebeautyshop.fr\/fr_fr\/wp-json\/wp\/v2\/product"}],"about":[{"href":"https:\/\/www.linebeautyshop.fr\/fr_fr\/wp-json\/wp\/v2\/types\/product"}],"replies":[{"embeddable":true,"href":"https:\/\/www.linebeautyshop.fr\/fr_fr\/wp-json\/wp\/v2\/comments?post=3045"}],"wp:featuredmedia":[{"embeddable":true,"href":"https:\/\/www.linebeautyshop.fr\/fr_fr\/wp-json\/wp\/v2\/media\/3046"}],"wp:attachment":[{"href":"https:\/\/www.linebeautyshop.fr\/fr_fr\/wp-json\/wp\/v2\/media?parent=3045"}],"wp:term":[{"taxonomy":"product_brand","embeddable":true,"href":"https:\/\/www.linebeautyshop.fr\/fr_fr\/wp-json\/wp\/v2\/product_brand?post=3045"},{"taxonomy":"product_cat","embeddable":true,"href":"https:\/\/www.linebeautyshop.fr\/fr_fr\/wp-json\/wp\/v2\/product_cat?post=3045"},{"taxonomy":"product_tag","embeddable":true,"href":"https:\/\/www.linebeautyshop.fr\/fr_fr\/wp-json\/wp\/v2\/product_tag?post=3045"}],"curies":[{"name":"wp","href":"https:\/\/api.w.org\/{rel}","templated":true}]}}