{"id":3057,"date":"2022-09-28T19:17:08","date_gmt":"2022-09-28T19:17:08","guid":{"rendered":"https:\/\/www.linebeautyshop.com\/?post_type=product&#038;p=3057"},"modified":"2022-10-01T15:04:03","modified_gmt":"2022-10-01T15:04:03","slug":"peau-jaune-serum-concentree-eclaircissant-glutathione-anti-tache-imperfection","status":"publish","type":"product","link":"https:\/\/www.linebeautyshop.fr\/fr_fr\/produit\/peau-jaune-serum-concentree-eclaircissant-glutathione-anti-tache-imperfection\/","title":{"rendered":"Peau Jaune S\u00e9rum Concentr\u00e9e Eclaircissant"},"content":{"rendered":"","protected":false},"excerpt":{"rendered":"<p>Peau Jaune S\u00e9rum Concentr\u00e9e Eclaircissant pour un teint lumineux sans t\u00e2ches et doux<\/p>","protected":false},"featured_media":3058,"comment_status":"closed","ping_status":"closed","template":"","meta":[],"product_brand":[],"product_cat":[79,82],"product_tag":[],"class_list":{"0":"post-3057","1":"product","2":"type-product","3":"status-publish","4":"has-post-thumbnail","6":"product_cat-cosmetique","7":"product_cat-serums","9":"first","10":"instock","11":"shipping-taxable","12":"purchasable","13":"product-type-simple","14":"layout-style-1","15":"col-md-4 col-sm-4 col-xs-6","16":"col-lg-3","17":"product-has-gallery","18":"product-style-default"},"_links":{"self":[{"href":"https:\/\/www.linebeautyshop.fr\/fr_fr\/wp-json\/wp\/v2\/product\/3057","targetHints":{"allow":["GET"]}}],"collection":[{"href":"https:\/\/www.linebeautyshop.fr\/fr_fr\/wp-json\/wp\/v2\/product"}],"about":[{"href":"https:\/\/www.linebeautyshop.fr\/fr_fr\/wp-json\/wp\/v2\/types\/product"}],"replies":[{"embeddable":true,"href":"https:\/\/www.linebeautyshop.fr\/fr_fr\/wp-json\/wp\/v2\/comments?post=3057"}],"wp:featuredmedia":[{"embeddable":true,"href":"https:\/\/www.linebeautyshop.fr\/fr_fr\/wp-json\/wp\/v2\/media\/3058"}],"wp:attachment":[{"href":"https:\/\/www.linebeautyshop.fr\/fr_fr\/wp-json\/wp\/v2\/media?parent=3057"}],"wp:term":[{"taxonomy":"product_brand","embeddable":true,"href":"https:\/\/www.linebeautyshop.fr\/fr_fr\/wp-json\/wp\/v2\/product_brand?post=3057"},{"taxonomy":"product_cat","embeddable":true,"href":"https:\/\/www.linebeautyshop.fr\/fr_fr\/wp-json\/wp\/v2\/product_cat?post=3057"},{"taxonomy":"product_tag","embeddable":true,"href":"https:\/\/www.linebeautyshop.fr\/fr_fr\/wp-json\/wp\/v2\/product_tag?post=3057"}],"curies":[{"name":"wp","href":"https:\/\/api.w.org\/{rel}","templated":true}]}}