{"id":3090,"date":"2022-09-28T20:42:32","date_gmt":"2022-09-28T20:42:32","guid":{"rendered":"https:\/\/www.linebeautyshop.com\/?post_type=product&#038;p=3090"},"modified":"2025-11-05T00:10:49","modified_gmt":"2025-11-05T00:10:49","slug":"jeune-fille-creme-eclaircissante-aux-fraises-pour-taches-noires-50g","status":"publish","type":"product","link":"https:\/\/www.linebeautyshop.fr\/fr_fr\/produit\/jeune-fille-creme-eclaircissante-aux-fraises-pour-taches-noires-50g\/","title":{"rendered":"Jeune fille cr\u00e8me \u00e9claircissante 50g"},"content":{"rendered":"","protected":false},"excerpt":{"rendered":"<p>Jeune fille cr\u00e8me \u00e9claircissante aux fraises pour taches noires<\/p>","protected":false},"featured_media":3091,"comment_status":"closed","ping_status":"closed","template":"","meta":[],"product_brand":[],"product_cat":[79,76],"product_tag":[],"class_list":{"0":"post-3090","1":"product","2":"type-product","3":"status-publish","4":"has-post-thumbnail","6":"product_cat-cosmetique","7":"product_cat-cremes","9":"first","10":"instock","11":"shipping-taxable","12":"purchasable","13":"product-type-simple","14":"layout-style-1","15":"col-md-4 col-sm-4 col-xs-6","16":"col-lg-3","17":"product-has-gallery","18":"product-style-default"},"_links":{"self":[{"href":"https:\/\/www.linebeautyshop.fr\/fr_fr\/wp-json\/wp\/v2\/product\/3090","targetHints":{"allow":["GET"]}}],"collection":[{"href":"https:\/\/www.linebeautyshop.fr\/fr_fr\/wp-json\/wp\/v2\/product"}],"about":[{"href":"https:\/\/www.linebeautyshop.fr\/fr_fr\/wp-json\/wp\/v2\/types\/product"}],"replies":[{"embeddable":true,"href":"https:\/\/www.linebeautyshop.fr\/fr_fr\/wp-json\/wp\/v2\/comments?post=3090"}],"wp:featuredmedia":[{"embeddable":true,"href":"https:\/\/www.linebeautyshop.fr\/fr_fr\/wp-json\/wp\/v2\/media\/3091"}],"wp:attachment":[{"href":"https:\/\/www.linebeautyshop.fr\/fr_fr\/wp-json\/wp\/v2\/media?parent=3090"}],"wp:term":[{"taxonomy":"product_brand","embeddable":true,"href":"https:\/\/www.linebeautyshop.fr\/fr_fr\/wp-json\/wp\/v2\/product_brand?post=3090"},{"taxonomy":"product_cat","embeddable":true,"href":"https:\/\/www.linebeautyshop.fr\/fr_fr\/wp-json\/wp\/v2\/product_cat?post=3090"},{"taxonomy":"product_tag","embeddable":true,"href":"https:\/\/www.linebeautyshop.fr\/fr_fr\/wp-json\/wp\/v2\/product_tag?post=3090"}],"curies":[{"name":"wp","href":"https:\/\/api.w.org\/{rel}","templated":true}]}}