{"id":3113,"date":"2022-09-28T22:42:55","date_gmt":"2022-09-28T22:42:55","guid":{"rendered":"https:\/\/www.linebeautyshop.com\/?post_type=product&#038;p=3113"},"modified":"2022-10-01T14:56:45","modified_gmt":"2022-10-01T14:56:45","slug":"lait-de-beaute-eclaircissant-glow-cast-extra-fairness-500ml","status":"publish","type":"product","link":"https:\/\/www.linebeautyshop.fr\/fr_fr\/produit\/lait-de-beaute-eclaircissant-glow-cast-extra-fairness-500ml\/","title":{"rendered":"Lait de beaut\u00e9 \u00e9claircissant Glow Cast 500ml"},"content":{"rendered":"<p>Glow Cast Extra Fairness Clarifying Brightening Beauty Milk est une solution sp\u00e9ciale formul\u00e9e pour hydrater, lisser et blanchir votre peau. Il fait un travail incroyable en estompant tout endroit ind\u00e9sirable.<\/p>\n<p>Il est enrichi en glutathion, kojic, arbutine, extraits v\u00e9g\u00e9taux qui sont les meilleurs composants hydratants et r\u00e9parateurs. Ce lait de beaut\u00e9 Glow Cast vous aidera \u00e0 \u00e9claircir votre teinte actuelle et \u00e0 \u00e9liminer les vergetures.<\/p>\n<p>1. Il contient des propri\u00e9t\u00e9s anti-\u00e2ge<\/p>\n<p>2. Il hydrate et lisse la peau.<\/p>\n<p>3. Cette lotion corrigera votre peau, estompera les taches et blanchira votre peau en 7 jours.<\/p>\n<p>4. Illumine le teint et clarifie la peau<\/p>","protected":false},"excerpt":{"rendered":"<p>Lait de beaut\u00e9 \u00e9claircissant Glow Cast Extra Fairness 500ml<\/p>","protected":false},"featured_media":3114,"comment_status":"closed","ping_status":"closed","template":"","meta":[],"product_brand":[],"product_cat":[79,81],"product_tag":[],"class_list":{"0":"post-3113","1":"product","2":"type-product","3":"status-publish","4":"has-post-thumbnail","6":"product_cat-cosmetique","7":"product_cat-laits","9":"first","10":"instock","11":"shipping-taxable","12":"purchasable","13":"product-type-simple","14":"layout-style-1","15":"col-md-4 col-sm-4 col-xs-6","16":"col-lg-3","17":"product-has-gallery","18":"product-style-default"},"_links":{"self":[{"href":"https:\/\/www.linebeautyshop.fr\/fr_fr\/wp-json\/wp\/v2\/product\/3113","targetHints":{"allow":["GET"]}}],"collection":[{"href":"https:\/\/www.linebeautyshop.fr\/fr_fr\/wp-json\/wp\/v2\/product"}],"about":[{"href":"https:\/\/www.linebeautyshop.fr\/fr_fr\/wp-json\/wp\/v2\/types\/product"}],"replies":[{"embeddable":true,"href":"https:\/\/www.linebeautyshop.fr\/fr_fr\/wp-json\/wp\/v2\/comments?post=3113"}],"wp:featuredmedia":[{"embeddable":true,"href":"https:\/\/www.linebeautyshop.fr\/fr_fr\/wp-json\/wp\/v2\/media\/3114"}],"wp:attachment":[{"href":"https:\/\/www.linebeautyshop.fr\/fr_fr\/wp-json\/wp\/v2\/media?parent=3113"}],"wp:term":[{"taxonomy":"product_brand","embeddable":true,"href":"https:\/\/www.linebeautyshop.fr\/fr_fr\/wp-json\/wp\/v2\/product_brand?post=3113"},{"taxonomy":"product_cat","embeddable":true,"href":"https:\/\/www.linebeautyshop.fr\/fr_fr\/wp-json\/wp\/v2\/product_cat?post=3113"},{"taxonomy":"product_tag","embeddable":true,"href":"https:\/\/www.linebeautyshop.fr\/fr_fr\/wp-json\/wp\/v2\/product_tag?post=3113"}],"curies":[{"name":"wp","href":"https:\/\/api.w.org\/{rel}","templated":true}]}}