{"id":3143,"date":"2022-09-29T00:41:50","date_gmt":"2022-09-29T00:41:50","guid":{"rendered":"https:\/\/www.linebeautyshop.com\/?post_type=product&#038;p=3143"},"modified":"2022-10-01T15:14:35","modified_gmt":"2022-10-01T15:14:35","slug":"extreme-glow-strong-lightening-glycerin-500ml","status":"publish","type":"product","link":"https:\/\/www.linebeautyshop.fr\/fr_fr\/produit\/extreme-glow-strong-lightening-glycerin-500ml\/","title":{"rendered":"EXTREME GLOW STRONG LIGHTENING GLYCERIN 500ml"},"content":{"rendered":"<p>EXTREME GLOW STRONG LIGHTENING GLYCERIN<\/p>\n<p>Extreme Glow Strong Lightening Glycerin est un \u00e9lixir \u00e9claircissant p\u00e9n\u00e9trant pour la peau formul\u00e9 avec un m\u00e9lange d&rsquo;eau de rose, d&rsquo;huile d&rsquo;argan et de Vegeclairine. Cette formule puissante offre la plus haute qualit\u00e9 de tonification et de conditionnement de la peau tout en vous offrant un teint sensiblement plus clair.<\/p>\n<p>MODE D&rsquo;EMPLOI : Appliquez uniform\u00e9ment la glyc\u00e9rine \u00e9claircissante Extreme Glow sur votre corps, une ou deux fois par jour, suivie du lait \u00e9claircissant Extreme Glow pour un traitement plus agressif. A utiliser sur le corps uniquement ! Type de peau : Id\u00e9al pour les peaux normales \u00e0 s\u00e8ches.<\/p>\n<p>ATTENTION : Eviter le contact avec les yeux et les l\u00e8vres. Ne pas utiliser chez les enfants de moins de 12 ans. Seulement pour usage externe. Conserver dans un endroit frais et sec. A utiliser sur le corps uniquement<\/p>","protected":false},"excerpt":{"rendered":"<p>EXTREME GLOW STRONG LIGHTENING GLYCERIN Extreme Glow Strong Lightening Glycerin est un \u00e9lixir \u00e9claircissant p\u00e9n\u00e9trant&hellip;<\/p>","protected":false},"featured_media":3144,"comment_status":"closed","ping_status":"closed","template":"","meta":[],"product_brand":[],"product_cat":[79,86],"product_tag":[],"class_list":{"0":"post-3143","1":"product","2":"type-product","3":"status-publish","4":"has-post-thumbnail","6":"product_cat-cosmetique","7":"product_cat-lotion","9":"first","10":"instock","11":"shipping-taxable","12":"purchasable","13":"product-type-simple","14":"layout-style-1","15":"col-md-4 col-sm-4 col-xs-6","16":"col-lg-3","17":"product-has-gallery","18":"product-style-default"},"_links":{"self":[{"href":"https:\/\/www.linebeautyshop.fr\/fr_fr\/wp-json\/wp\/v2\/product\/3143","targetHints":{"allow":["GET"]}}],"collection":[{"href":"https:\/\/www.linebeautyshop.fr\/fr_fr\/wp-json\/wp\/v2\/product"}],"about":[{"href":"https:\/\/www.linebeautyshop.fr\/fr_fr\/wp-json\/wp\/v2\/types\/product"}],"replies":[{"embeddable":true,"href":"https:\/\/www.linebeautyshop.fr\/fr_fr\/wp-json\/wp\/v2\/comments?post=3143"}],"wp:featuredmedia":[{"embeddable":true,"href":"https:\/\/www.linebeautyshop.fr\/fr_fr\/wp-json\/wp\/v2\/media\/3144"}],"wp:attachment":[{"href":"https:\/\/www.linebeautyshop.fr\/fr_fr\/wp-json\/wp\/v2\/media?parent=3143"}],"wp:term":[{"taxonomy":"product_brand","embeddable":true,"href":"https:\/\/www.linebeautyshop.fr\/fr_fr\/wp-json\/wp\/v2\/product_brand?post=3143"},{"taxonomy":"product_cat","embeddable":true,"href":"https:\/\/www.linebeautyshop.fr\/fr_fr\/wp-json\/wp\/v2\/product_cat?post=3143"},{"taxonomy":"product_tag","embeddable":true,"href":"https:\/\/www.linebeautyshop.fr\/fr_fr\/wp-json\/wp\/v2\/product_tag?post=3143"}],"curies":[{"name":"wp","href":"https:\/\/api.w.org\/{rel}","templated":true}]}}