{"id":3151,"date":"2022-09-29T00:55:02","date_gmt":"2022-09-29T00:55:02","guid":{"rendered":"https:\/\/www.linebeautyshop.com\/?post_type=product&#038;p=3151"},"modified":"2023-04-06T16:34:25","modified_gmt":"2023-04-06T16:34:25","slug":"purec-egyptian-gold-gamme-super-eclaircissant-pour-un-teint-propre-sans-taches-2","status":"publish","type":"product","link":"https:\/\/www.linebeautyshop.fr\/fr_fr\/produit\/purec-egyptian-gold-gamme-super-eclaircissant-pour-un-teint-propre-sans-taches-2\/","title":{"rendered":"Purec egyptian gold gamme super \u00e9claircissant ."},"content":{"rendered":"","protected":false},"excerpt":{"rendered":"<p>PUREC EGYPTIEN, lait 300ml , cr\u00e8me visage 50g , s\u00e9rum 100ml<\/p>\n<p>Purec egyptian gold pour avoir un tient naturellement clair et uniforme un r\u00e9sultat rapide en 14 jours la gamme acc\u00e9l\u00e8re le r\u00e9sultat beaucoup plus &#8230;gel douche de 1 litre serum lait et cr\u00e8me visage pour tient parfait<\/p>","protected":false},"featured_media":3152,"comment_status":"closed","ping_status":"closed","template":"","meta":[],"product_brand":[],"product_cat":[79,84],"product_tag":[],"class_list":{"0":"post-3151","1":"product","2":"type-product","3":"status-publish","4":"has-post-thumbnail","6":"product_cat-cosmetique","7":"product_cat-gammes","9":"first","10":"instock","11":"shipping-taxable","12":"purchasable","13":"product-type-simple","14":"layout-style-1","15":"col-md-4 col-sm-4 col-xs-6","16":"col-lg-3","17":"product-has-gallery","18":"product-style-default"},"_links":{"self":[{"href":"https:\/\/www.linebeautyshop.fr\/fr_fr\/wp-json\/wp\/v2\/product\/3151","targetHints":{"allow":["GET"]}}],"collection":[{"href":"https:\/\/www.linebeautyshop.fr\/fr_fr\/wp-json\/wp\/v2\/product"}],"about":[{"href":"https:\/\/www.linebeautyshop.fr\/fr_fr\/wp-json\/wp\/v2\/types\/product"}],"replies":[{"embeddable":true,"href":"https:\/\/www.linebeautyshop.fr\/fr_fr\/wp-json\/wp\/v2\/comments?post=3151"}],"wp:featuredmedia":[{"embeddable":true,"href":"https:\/\/www.linebeautyshop.fr\/fr_fr\/wp-json\/wp\/v2\/media\/3152"}],"wp:attachment":[{"href":"https:\/\/www.linebeautyshop.fr\/fr_fr\/wp-json\/wp\/v2\/media?parent=3151"}],"wp:term":[{"taxonomy":"product_brand","embeddable":true,"href":"https:\/\/www.linebeautyshop.fr\/fr_fr\/wp-json\/wp\/v2\/product_brand?post=3151"},{"taxonomy":"product_cat","embeddable":true,"href":"https:\/\/www.linebeautyshop.fr\/fr_fr\/wp-json\/wp\/v2\/product_cat?post=3151"},{"taxonomy":"product_tag","embeddable":true,"href":"https:\/\/www.linebeautyshop.fr\/fr_fr\/wp-json\/wp\/v2\/product_tag?post=3151"}],"curies":[{"name":"wp","href":"https:\/\/api.w.org\/{rel}","templated":true}]}}