{"id":3185,"date":"2022-09-29T02:39:15","date_gmt":"2022-09-29T02:39:15","guid":{"rendered":"https:\/\/www.linebeautyshop.com\/?post_type=product&#038;p=3185"},"modified":"2022-10-01T15:10:31","modified_gmt":"2022-10-01T15:10:31","slug":"cast-glow-gamme-extra-clarifiante-et-eclaircissante","status":"publish","type":"product","link":"https:\/\/www.linebeautyshop.fr\/fr_fr\/produit\/cast-glow-gamme-extra-clarifiante-et-eclaircissante\/","title":{"rendered":"CAST GLOW gamme extra clarifiante et  \u00e9claircissante"},"content":{"rendered":"<p>HALF CAST GLOW gamme extra clarifiant \u00e9claircissant.Glow Half Cast Extra Fairness Clarifying Brightening Beauty Milk est une solution sp\u00e9ciale formul\u00e9e pour hydrater, lisser et blanchir votre peau. Il fait un travail incroyable en estompant tout endroit ind\u00e9sirable.<\/p>\n<p>Il est enrichi en glutathion, kojic, arbutine, extraits v\u00e9g\u00e9taux qui sont les meilleurs composants hydratants et r\u00e9parateurs. Ce lait de beaut\u00e9 Glow Half Cast vous aidera \u00e0 \u00e9claircir votre teinte actuelle et \u00e0 \u00e9liminer les vergetures.<\/p>\n<p>1. Il contient des propri\u00e9t\u00e9s anti-\u00e2ge<\/p>\n<p>2. Il hydrate et lisse la peau.<\/p>\n<p>3. Cette lotion corrigera votre peau, estompera les taches et blanchira votre peau en 7 jours.<\/p>\n<p>4. Illumine le teint et clarifie la peau<\/p>","protected":false},"excerpt":{"rendered":"<p>HALF CAST GLOW gamme extra clarifiant \u00e9claircissant.Glow Half Cast Extra Fairness Clarifying Brightening Beauty Milk&hellip;<\/p>","protected":false},"featured_media":3186,"comment_status":"closed","ping_status":"closed","template":"","meta":[],"product_brand":[],"product_cat":[79,84],"product_tag":[],"class_list":{"0":"post-3185","1":"product","2":"type-product","3":"status-publish","4":"has-post-thumbnail","6":"product_cat-cosmetique","7":"product_cat-gammes","9":"first","10":"instock","11":"shipping-taxable","12":"purchasable","13":"product-type-simple","14":"layout-style-1","15":"col-md-4 col-sm-4 col-xs-6","16":"col-lg-3","17":"product-has-gallery","18":"product-style-default"},"_links":{"self":[{"href":"https:\/\/www.linebeautyshop.fr\/fr_fr\/wp-json\/wp\/v2\/product\/3185","targetHints":{"allow":["GET"]}}],"collection":[{"href":"https:\/\/www.linebeautyshop.fr\/fr_fr\/wp-json\/wp\/v2\/product"}],"about":[{"href":"https:\/\/www.linebeautyshop.fr\/fr_fr\/wp-json\/wp\/v2\/types\/product"}],"replies":[{"embeddable":true,"href":"https:\/\/www.linebeautyshop.fr\/fr_fr\/wp-json\/wp\/v2\/comments?post=3185"}],"wp:featuredmedia":[{"embeddable":true,"href":"https:\/\/www.linebeautyshop.fr\/fr_fr\/wp-json\/wp\/v2\/media\/3186"}],"wp:attachment":[{"href":"https:\/\/www.linebeautyshop.fr\/fr_fr\/wp-json\/wp\/v2\/media?parent=3185"}],"wp:term":[{"taxonomy":"product_brand","embeddable":true,"href":"https:\/\/www.linebeautyshop.fr\/fr_fr\/wp-json\/wp\/v2\/product_brand?post=3185"},{"taxonomy":"product_cat","embeddable":true,"href":"https:\/\/www.linebeautyshop.fr\/fr_fr\/wp-json\/wp\/v2\/product_cat?post=3185"},{"taxonomy":"product_tag","embeddable":true,"href":"https:\/\/www.linebeautyshop.fr\/fr_fr\/wp-json\/wp\/v2\/product_tag?post=3185"}],"curies":[{"name":"wp","href":"https:\/\/api.w.org\/{rel}","templated":true}]}}