{"id":3248,"date":"2022-09-29T23:05:48","date_gmt":"2022-09-29T23:05:48","guid":{"rendered":"https:\/\/www.linebeautyshop.com\/?post_type=product&#038;p=3248"},"modified":"2026-04-20T11:57:22","modified_gmt":"2026-04-20T11:57:22","slug":"lait-bismid-500ml","status":"publish","type":"product","link":"https:\/\/www.linebeautyshop.fr\/fr_fr\/produit\/lait-bismid-500ml\/","title":{"rendered":"lait bismid 500ml"},"content":{"rendered":"<p>le lait bismid est tr\u00e8s s\u00fbr \u00e0 utiliser. il r\u00e9duit l&rsquo;hyperpigmentation en inversant les dommages du soleil en quelques jours d&rsquo;utilisation. c&rsquo;est la lotion blanchissante parfaite pour les peaux fonc\u00e9es et fonctionne comme un excellent correcteur de taches pour le corps afin de r\u00e9duire la d\u00e9coloration de la peau. 500ml<\/p>","protected":false},"excerpt":{"rendered":"<p>le lait bismid est tr\u00e8s s\u00fbr \u00e0 utiliser. il r\u00e9duit l&rsquo;hyperpigmentation en inversant les dommages&hellip;<\/p>","protected":false},"featured_media":3249,"comment_status":"closed","ping_status":"closed","template":"","meta":[],"product_brand":[],"product_cat":[79,81],"product_tag":[],"class_list":{"0":"post-3248","1":"product","2":"type-product","3":"status-publish","4":"has-post-thumbnail","6":"product_cat-cosmetique","7":"product_cat-laits","9":"first","10":"instock","11":"shipping-taxable","12":"purchasable","13":"product-type-simple","14":"layout-style-1","15":"col-md-4 col-sm-4 col-xs-6","16":"col-lg-3","17":"product-has-gallery","18":"product-style-default"},"_links":{"self":[{"href":"https:\/\/www.linebeautyshop.fr\/fr_fr\/wp-json\/wp\/v2\/product\/3248","targetHints":{"allow":["GET"]}}],"collection":[{"href":"https:\/\/www.linebeautyshop.fr\/fr_fr\/wp-json\/wp\/v2\/product"}],"about":[{"href":"https:\/\/www.linebeautyshop.fr\/fr_fr\/wp-json\/wp\/v2\/types\/product"}],"replies":[{"embeddable":true,"href":"https:\/\/www.linebeautyshop.fr\/fr_fr\/wp-json\/wp\/v2\/comments?post=3248"}],"wp:featuredmedia":[{"embeddable":true,"href":"https:\/\/www.linebeautyshop.fr\/fr_fr\/wp-json\/wp\/v2\/media\/3249"}],"wp:attachment":[{"href":"https:\/\/www.linebeautyshop.fr\/fr_fr\/wp-json\/wp\/v2\/media?parent=3248"}],"wp:term":[{"taxonomy":"product_brand","embeddable":true,"href":"https:\/\/www.linebeautyshop.fr\/fr_fr\/wp-json\/wp\/v2\/product_brand?post=3248"},{"taxonomy":"product_cat","embeddable":true,"href":"https:\/\/www.linebeautyshop.fr\/fr_fr\/wp-json\/wp\/v2\/product_cat?post=3248"},{"taxonomy":"product_tag","embeddable":true,"href":"https:\/\/www.linebeautyshop.fr\/fr_fr\/wp-json\/wp\/v2\/product_tag?post=3248"}],"curies":[{"name":"wp","href":"https:\/\/api.w.org\/{rel}","templated":true}]}}