{"id":3256,"date":"2022-09-29T23:23:27","date_gmt":"2022-09-29T23:23:27","guid":{"rendered":"https:\/\/www.linebeautyshop.com\/?post_type=product&#038;p=3256"},"modified":"2023-04-06T16:40:34","modified_gmt":"2023-04-06T16:40:34","slug":"dermaseus-rose-carrotte-gel-douche-eclaircissant-exfoliant-1l","status":"publish","type":"product","link":"https:\/\/www.linebeautyshop.fr\/fr_fr\/produit\/dermaseus-rose-carrotte-gel-douche-eclaircissant-exfoliant-1l\/","title":{"rendered":"DERMASEUS ROSE carrotte gel douche \u00e9claircissant exfoliant 1l"},"content":{"rendered":"<p>DERMASEUS GEL DOUCHE \u00c9CLAIRCISSANT Une peau de r\u00eave \u00e0 la douceur incomparable\u2026 Ce gel douche exfoliant \u00e0 la mousse onctueuse nettoie, gomme et parfume intens\u00e9ment votre peau. Enrichi en poudre de carotte microbilles exfoliantes et Glyc\u00e9rine. 1litre<\/p>","protected":false},"excerpt":{"rendered":"<p>DERMASEUS GEL DOUCHE \u00c9CLAIRCISSANT Une peau de r\u00eave \u00e0 la douceur incomparable\u2026 Ce gel douche&hellip;<\/p>","protected":false},"featured_media":3257,"comment_status":"closed","ping_status":"closed","template":"","meta":[],"product_brand":[],"product_cat":[79,80],"product_tag":[],"class_list":{"0":"post-3256","1":"product","2":"type-product","3":"status-publish","4":"has-post-thumbnail","6":"product_cat-cosmetique","7":"product_cat-gels-douche","9":"first","10":"instock","11":"shipping-taxable","12":"purchasable","13":"product-type-simple","14":"layout-style-1","15":"col-md-4 col-sm-4 col-xs-6","16":"col-lg-3","17":"product-has-gallery","18":"product-style-default"},"_links":{"self":[{"href":"https:\/\/www.linebeautyshop.fr\/fr_fr\/wp-json\/wp\/v2\/product\/3256","targetHints":{"allow":["GET"]}}],"collection":[{"href":"https:\/\/www.linebeautyshop.fr\/fr_fr\/wp-json\/wp\/v2\/product"}],"about":[{"href":"https:\/\/www.linebeautyshop.fr\/fr_fr\/wp-json\/wp\/v2\/types\/product"}],"replies":[{"embeddable":true,"href":"https:\/\/www.linebeautyshop.fr\/fr_fr\/wp-json\/wp\/v2\/comments?post=3256"}],"wp:featuredmedia":[{"embeddable":true,"href":"https:\/\/www.linebeautyshop.fr\/fr_fr\/wp-json\/wp\/v2\/media\/3257"}],"wp:attachment":[{"href":"https:\/\/www.linebeautyshop.fr\/fr_fr\/wp-json\/wp\/v2\/media?parent=3256"}],"wp:term":[{"taxonomy":"product_brand","embeddable":true,"href":"https:\/\/www.linebeautyshop.fr\/fr_fr\/wp-json\/wp\/v2\/product_brand?post=3256"},{"taxonomy":"product_cat","embeddable":true,"href":"https:\/\/www.linebeautyshop.fr\/fr_fr\/wp-json\/wp\/v2\/product_cat?post=3256"},{"taxonomy":"product_tag","embeddable":true,"href":"https:\/\/www.linebeautyshop.fr\/fr_fr\/wp-json\/wp\/v2\/product_tag?post=3256"}],"curies":[{"name":"wp","href":"https:\/\/api.w.org\/{rel}","templated":true}]}}