{"id":3439,"date":"2022-10-01T12:58:16","date_gmt":"2022-10-01T12:58:16","guid":{"rendered":"https:\/\/www.linebeautyshop.com\/?post_type=product&#038;p=3439"},"modified":"2025-07-31T19:47:18","modified_gmt":"2025-07-31T19:47:18","slug":"lait-et-creme-tube-gluta-c-eclaircissant","status":"publish","type":"product","link":"https:\/\/www.linebeautyshop.fr\/fr_fr\/produit\/lait-et-creme-tube-gluta-c-eclaircissant\/","title":{"rendered":"Lait et cr\u00e8me tube Gluta C Eclaircissant"},"content":{"rendered":"<p>Lait et cr\u00e8me tube Gluta C Eclaircissant aux carrotte.GLUTA-C Glutathion &#038; Vitamine C Lait Eclaircissant Intense pour le visage et le corps \u00e0 la papaye et \u00e0 la carotte, blanchit la peau, \u00e9limine la salet\u00e9, hydrate et adoucit, parfum durable pour la peau. lait 600ml<\/p>","protected":false},"excerpt":{"rendered":"<p>Lait et cr\u00e8me tube Gluta C Eclaircissant aux carrotte.GLUTA-C Glutathion &#038; Vitamine C Lait Eclaircissant&hellip;<\/p>","protected":false},"featured_media":3440,"comment_status":"closed","ping_status":"closed","template":"","meta":[],"product_brand":[],"product_cat":[79,84,76,81],"product_tag":[],"class_list":{"0":"post-3439","1":"product","2":"type-product","3":"status-publish","4":"has-post-thumbnail","6":"product_cat-cosmetique","7":"product_cat-gammes","8":"product_cat-cremes","9":"product_cat-laits","11":"first","12":"instock","13":"sold-individually","14":"shipping-taxable","15":"purchasable","16":"product-type-simple","17":"layout-style-1","18":"col-md-4 col-sm-4 col-xs-6","19":"col-lg-3","20":"product-has-gallery","21":"product-style-default"},"_links":{"self":[{"href":"https:\/\/www.linebeautyshop.fr\/fr_fr\/wp-json\/wp\/v2\/product\/3439","targetHints":{"allow":["GET"]}}],"collection":[{"href":"https:\/\/www.linebeautyshop.fr\/fr_fr\/wp-json\/wp\/v2\/product"}],"about":[{"href":"https:\/\/www.linebeautyshop.fr\/fr_fr\/wp-json\/wp\/v2\/types\/product"}],"replies":[{"embeddable":true,"href":"https:\/\/www.linebeautyshop.fr\/fr_fr\/wp-json\/wp\/v2\/comments?post=3439"}],"wp:featuredmedia":[{"embeddable":true,"href":"https:\/\/www.linebeautyshop.fr\/fr_fr\/wp-json\/wp\/v2\/media\/3440"}],"wp:attachment":[{"href":"https:\/\/www.linebeautyshop.fr\/fr_fr\/wp-json\/wp\/v2\/media?parent=3439"}],"wp:term":[{"taxonomy":"product_brand","embeddable":true,"href":"https:\/\/www.linebeautyshop.fr\/fr_fr\/wp-json\/wp\/v2\/product_brand?post=3439"},{"taxonomy":"product_cat","embeddable":true,"href":"https:\/\/www.linebeautyshop.fr\/fr_fr\/wp-json\/wp\/v2\/product_cat?post=3439"},{"taxonomy":"product_tag","embeddable":true,"href":"https:\/\/www.linebeautyshop.fr\/fr_fr\/wp-json\/wp\/v2\/product_tag?post=3439"}],"curies":[{"name":"wp","href":"https:\/\/api.w.org\/{rel}","templated":true}]}}