{"id":3467,"date":"2022-10-01T14:17:29","date_gmt":"2022-10-01T14:17:29","guid":{"rendered":"https:\/\/www.linebeautyshop.com\/?post_type=product&#038;p=3467"},"modified":"2022-10-01T14:17:30","modified_gmt":"2022-10-01T14:17:30","slug":"pure-egyptian-secret-serum-100ml","status":"publish","type":"product","link":"https:\/\/www.linebeautyshop.fr\/fr_fr\/produit\/pure-egyptian-secret-serum-100ml\/","title":{"rendered":"pure \u00e9gyptian secret serum 100ml"},"content":{"rendered":"<p>S\u00e9rum Visage et Corps pure \u00e9gyptian.S\u00e9rum \u00e9gyptien pour le corps et le visage Half Cast Ce s\u00e9rum illumine la peau et \u00e9limine les taches brunes. Il \u00e9limine les imperfections et lisse la peau \u00e0 l&rsquo;aide de glutathion et de Gluta c. 100ml<\/p>","protected":false},"excerpt":{"rendered":"<p>pure \u00e9gyptian secret serum, 100ml<\/p>","protected":false},"featured_media":3468,"comment_status":"closed","ping_status":"closed","template":"","meta":[],"product_brand":[],"product_cat":[79,82],"product_tag":[],"class_list":{"0":"post-3467","1":"product","2":"type-product","3":"status-publish","4":"has-post-thumbnail","6":"product_cat-cosmetique","7":"product_cat-serums","9":"first","10":"instock","11":"shipping-taxable","12":"purchasable","13":"product-type-simple","14":"layout-style-1","15":"col-md-4 col-sm-4 col-xs-6","16":"col-lg-3","17":"product-has-gallery","18":"product-style-default"},"_links":{"self":[{"href":"https:\/\/www.linebeautyshop.fr\/fr_fr\/wp-json\/wp\/v2\/product\/3467","targetHints":{"allow":["GET"]}}],"collection":[{"href":"https:\/\/www.linebeautyshop.fr\/fr_fr\/wp-json\/wp\/v2\/product"}],"about":[{"href":"https:\/\/www.linebeautyshop.fr\/fr_fr\/wp-json\/wp\/v2\/types\/product"}],"replies":[{"embeddable":true,"href":"https:\/\/www.linebeautyshop.fr\/fr_fr\/wp-json\/wp\/v2\/comments?post=3467"}],"wp:featuredmedia":[{"embeddable":true,"href":"https:\/\/www.linebeautyshop.fr\/fr_fr\/wp-json\/wp\/v2\/media\/3468"}],"wp:attachment":[{"href":"https:\/\/www.linebeautyshop.fr\/fr_fr\/wp-json\/wp\/v2\/media?parent=3467"}],"wp:term":[{"taxonomy":"product_brand","embeddable":true,"href":"https:\/\/www.linebeautyshop.fr\/fr_fr\/wp-json\/wp\/v2\/product_brand?post=3467"},{"taxonomy":"product_cat","embeddable":true,"href":"https:\/\/www.linebeautyshop.fr\/fr_fr\/wp-json\/wp\/v2\/product_cat?post=3467"},{"taxonomy":"product_tag","embeddable":true,"href":"https:\/\/www.linebeautyshop.fr\/fr_fr\/wp-json\/wp\/v2\/product_tag?post=3467"}],"curies":[{"name":"wp","href":"https:\/\/api.w.org\/{rel}","templated":true}]}}