{"id":3556,"date":"2022-10-01T17:12:45","date_gmt":"2022-10-01T17:12:45","guid":{"rendered":"https:\/\/www.linebeautyshop.com\/?post_type=product&#038;p=3556"},"modified":"2022-10-01T17:12:45","modified_gmt":"2022-10-01T17:12:45","slug":"peau-de-lune-lotion-triple-action-100ml","status":"publish","type":"product","link":"https:\/\/www.linebeautyshop.fr\/fr_fr\/produit\/peau-de-lune-lotion-triple-action-100ml\/","title":{"rendered":"Peau de lune lotion triple action 100ml"},"content":{"rendered":"","protected":false},"excerpt":{"rendered":"<p>Peau de lune lotion r\u00e9v\u00e9lateur d&rsquo;\u00e9clat, anti bouton, anti \u00e2ge 100ml <\/p>","protected":false},"featured_media":3557,"comment_status":"closed","ping_status":"closed","template":"","meta":[],"product_brand":[],"product_cat":[79,86],"product_tag":[],"class_list":{"0":"post-3556","1":"product","2":"type-product","3":"status-publish","4":"has-post-thumbnail","6":"product_cat-cosmetique","7":"product_cat-lotion","9":"first","10":"instock","11":"shipping-taxable","12":"purchasable","13":"product-type-simple","14":"layout-style-1","15":"col-md-4 col-sm-4 col-xs-6","16":"col-lg-3","17":"product-has-gallery","18":"product-style-default"},"_links":{"self":[{"href":"https:\/\/www.linebeautyshop.fr\/fr_fr\/wp-json\/wp\/v2\/product\/3556","targetHints":{"allow":["GET"]}}],"collection":[{"href":"https:\/\/www.linebeautyshop.fr\/fr_fr\/wp-json\/wp\/v2\/product"}],"about":[{"href":"https:\/\/www.linebeautyshop.fr\/fr_fr\/wp-json\/wp\/v2\/types\/product"}],"replies":[{"embeddable":true,"href":"https:\/\/www.linebeautyshop.fr\/fr_fr\/wp-json\/wp\/v2\/comments?post=3556"}],"wp:featuredmedia":[{"embeddable":true,"href":"https:\/\/www.linebeautyshop.fr\/fr_fr\/wp-json\/wp\/v2\/media\/3557"}],"wp:attachment":[{"href":"https:\/\/www.linebeautyshop.fr\/fr_fr\/wp-json\/wp\/v2\/media?parent=3556"}],"wp:term":[{"taxonomy":"product_brand","embeddable":true,"href":"https:\/\/www.linebeautyshop.fr\/fr_fr\/wp-json\/wp\/v2\/product_brand?post=3556"},{"taxonomy":"product_cat","embeddable":true,"href":"https:\/\/www.linebeautyshop.fr\/fr_fr\/wp-json\/wp\/v2\/product_cat?post=3556"},{"taxonomy":"product_tag","embeddable":true,"href":"https:\/\/www.linebeautyshop.fr\/fr_fr\/wp-json\/wp\/v2\/product_tag?post=3556"}],"curies":[{"name":"wp","href":"https:\/\/api.w.org\/{rel}","templated":true}]}}