{"id":3741,"date":"2022-10-20T18:31:31","date_gmt":"2022-10-20T18:31:31","guid":{"rendered":"https:\/\/www.linebeautyshop.com\/?post_type=product&#038;p=3741"},"modified":"2023-04-06T16:39:10","modified_gmt":"2023-04-06T16:39:10","slug":"gel-douche-pure-egyptian-fort-eclaircissant-au-oeuf-1200ml","status":"publish","type":"product","link":"https:\/\/www.linebeautyshop.fr\/fr_fr\/produit\/gel-douche-pure-egyptian-fort-eclaircissant-au-oeuf-1200ml\/","title":{"rendered":"GEL DOUCHE PURE EGYPTIAN FORT ECLAIRCISSANT au oeuf 1200ml"},"content":{"rendered":"<p>GEL DOUCHE PURE EGYPTIAN  super \u00e9claircissant qui nettoie la peau en profondeur uniformis\u00e9 le teint et le rend tr\u00e8s clair il uniformis\u00e9 les doigts et les pieds noirs luttes contre le vieillissement de la peau adoucir la peau au touch\u00e9 \u00e9limine les rides et ridules att\u00e9nue les vergetures .<\/p>","protected":false},"excerpt":{"rendered":"<p>GEL DOUCHE PURE EGYPTIAN super \u00e9claircissant qui nettoie la peau en profondeur uniformis\u00e9 le teint&hellip;<\/p>","protected":false},"featured_media":3742,"comment_status":"closed","ping_status":"closed","template":"","meta":[],"product_brand":[],"product_cat":[79,80],"product_tag":[],"class_list":{"0":"post-3741","1":"product","2":"type-product","3":"status-publish","4":"has-post-thumbnail","6":"product_cat-cosmetique","7":"product_cat-gels-douche","9":"first","10":"instock","11":"sold-individually","12":"shipping-taxable","13":"purchasable","14":"product-type-simple","15":"layout-style-1","16":"col-md-4 col-sm-4 col-xs-6","17":"col-lg-3","18":"product-has-gallery","19":"product-style-default"},"_links":{"self":[{"href":"https:\/\/www.linebeautyshop.fr\/fr_fr\/wp-json\/wp\/v2\/product\/3741","targetHints":{"allow":["GET"]}}],"collection":[{"href":"https:\/\/www.linebeautyshop.fr\/fr_fr\/wp-json\/wp\/v2\/product"}],"about":[{"href":"https:\/\/www.linebeautyshop.fr\/fr_fr\/wp-json\/wp\/v2\/types\/product"}],"replies":[{"embeddable":true,"href":"https:\/\/www.linebeautyshop.fr\/fr_fr\/wp-json\/wp\/v2\/comments?post=3741"}],"wp:featuredmedia":[{"embeddable":true,"href":"https:\/\/www.linebeautyshop.fr\/fr_fr\/wp-json\/wp\/v2\/media\/3742"}],"wp:attachment":[{"href":"https:\/\/www.linebeautyshop.fr\/fr_fr\/wp-json\/wp\/v2\/media?parent=3741"}],"wp:term":[{"taxonomy":"product_brand","embeddable":true,"href":"https:\/\/www.linebeautyshop.fr\/fr_fr\/wp-json\/wp\/v2\/product_brand?post=3741"},{"taxonomy":"product_cat","embeddable":true,"href":"https:\/\/www.linebeautyshop.fr\/fr_fr\/wp-json\/wp\/v2\/product_cat?post=3741"},{"taxonomy":"product_tag","embeddable":true,"href":"https:\/\/www.linebeautyshop.fr\/fr_fr\/wp-json\/wp\/v2\/product_tag?post=3741"}],"curies":[{"name":"wp","href":"https:\/\/api.w.org\/{rel}","templated":true}]}}