{"id":3799,"date":"2023-04-08T19:51:32","date_gmt":"2023-04-08T19:51:32","guid":{"rendered":"https:\/\/www.linebeautyshop.com\/?post_type=product&#038;p=3799"},"modified":"2023-04-08T19:59:12","modified_gmt":"2023-04-08T19:59:12","slug":"cindella-gommage-eclaircissant-creme","status":"publish","type":"product","link":"https:\/\/www.linebeautyshop.fr\/fr_fr\/produit\/cindella-gommage-eclaircissant-creme\/","title":{"rendered":"Cindella gommage Eclaircissant cr\u00e8me"},"content":{"rendered":"<ul>\n<li style=\"text-align: left;\">Cindella gommage Eclaircissant.<\/li>\n<li dir=\"ltr\">Cindella body scrub<\/li>\n<li dir=\"ltr\">Gommage exfoliant cindella blanchissant pour un teint parfait 15 mn de douceur pour un peau douce et lisse<\/li>\n<li dir=\"ltr\">Il dilate les pores ,fini les vergetures, t\u00e2ches noires,coudes noirs, genoux noirs, nettoie les mamies fares et les t\u00e2ches de rousseurs. Il exfolie le corps et le d\u00e9barrasse des peaux mortes<\/li>\n<li dir=\"ltr\">700g<\/li>\n<li dir=\"ltr\">Vitamine C&amp;E<\/li>\n<li dir=\"ltr\">Glutathion<\/li>\n<\/ul>","protected":false},"excerpt":{"rendered":"<p>Cindella gommage Eclaircissant. Cindella body scrub Gommage exfoliant cindella blanchissant pour un teint parfait 15&hellip;<\/p>","protected":false},"featured_media":3800,"comment_status":"closed","ping_status":"closed","template":"","meta":[],"product_brand":[],"product_cat":[87,79],"product_tag":[],"class_list":{"0":"post-3799","1":"product","2":"type-product","3":"status-publish","4":"has-post-thumbnail","6":"product_cat-gommage","7":"product_cat-cosmetique","9":"first","10":"instock","11":"shipping-taxable","12":"purchasable","13":"product-type-simple","14":"layout-style-1","15":"col-md-4 col-sm-4 col-xs-6","16":"col-lg-3","17":"product-has-gallery","18":"product-style-default"},"_links":{"self":[{"href":"https:\/\/www.linebeautyshop.fr\/fr_fr\/wp-json\/wp\/v2\/product\/3799","targetHints":{"allow":["GET"]}}],"collection":[{"href":"https:\/\/www.linebeautyshop.fr\/fr_fr\/wp-json\/wp\/v2\/product"}],"about":[{"href":"https:\/\/www.linebeautyshop.fr\/fr_fr\/wp-json\/wp\/v2\/types\/product"}],"replies":[{"embeddable":true,"href":"https:\/\/www.linebeautyshop.fr\/fr_fr\/wp-json\/wp\/v2\/comments?post=3799"}],"wp:featuredmedia":[{"embeddable":true,"href":"https:\/\/www.linebeautyshop.fr\/fr_fr\/wp-json\/wp\/v2\/media\/3800"}],"wp:attachment":[{"href":"https:\/\/www.linebeautyshop.fr\/fr_fr\/wp-json\/wp\/v2\/media?parent=3799"}],"wp:term":[{"taxonomy":"product_brand","embeddable":true,"href":"https:\/\/www.linebeautyshop.fr\/fr_fr\/wp-json\/wp\/v2\/product_brand?post=3799"},{"taxonomy":"product_cat","embeddable":true,"href":"https:\/\/www.linebeautyshop.fr\/fr_fr\/wp-json\/wp\/v2\/product_cat?post=3799"},{"taxonomy":"product_tag","embeddable":true,"href":"https:\/\/www.linebeautyshop.fr\/fr_fr\/wp-json\/wp\/v2\/product_tag?post=3799"}],"curies":[{"name":"wp","href":"https:\/\/api.w.org\/{rel}","templated":true}]}}