{"id":3802,"date":"2023-04-08T19:58:15","date_gmt":"2023-04-08T19:58:15","guid":{"rendered":"https:\/\/www.linebeautyshop.com\/?post_type=product&#038;p=3802"},"modified":"2023-07-26T07:53:04","modified_gmt":"2023-07-26T07:53:04","slug":"lait-eclaircissante-easy-glow","status":"publish","type":"product","link":"https:\/\/www.linebeautyshop.fr\/fr_fr\/produit\/lait-eclaircissante-easy-glow\/","title":{"rendered":"Easy glow lait \u00e9claircissante"},"content":{"rendered":"<p dir=\"ltr\">Easy glow lait \u00e9claircissant pur \u00e0 forte lueur avec de l&rsquo;huile \u00e9gyptienne, du glutathion et de l&rsquo;huile d&rsquo;argan. huile, gluthatione et huile d&rsquo;argan.Utilisation qudienne de l&rsquo;hyperpigmentation fan\u00e9e, de l&rsquo;acn\u00e9, des cicatrices et des vergetures.Easy glow gold lotion, 500 ml est 3 fois avec un lait \u00e9claircissant pur \u00e0 forte lueur avec de l&rsquo;huile \u00e9gyptienne, de la gluthatione et de l&rsquo;huile d&rsquo;argan.Utilisation quotidienne de l&rsquo;hyperpigmentation fan\u00e9e, de l&rsquo;acn\u00e9, des cicatrices et vergetures Lotion dor\u00e9e facile \u00e0 briller, 500 ml est 3 fois avec du lait \u00e9claircissant pur \u00e0 forte lueur avec de l&rsquo;huile \u00e9gyptienne, du glutathion et de l&rsquo;huile d&rsquo;argan. lait \u00e0 l&rsquo;huile d&rsquo;Egypte, au glutathion et \u00e0 l&rsquo;huile d&rsquo;argan.Utilisation quotidienne hyper pigmentation d\u00e9color\u00e9e, acn\u00e9, cicatrices<\/p>\n<p>&nbsp;<\/p>","protected":false},"excerpt":{"rendered":"<p>Easy glow lait \u00e9claircissant pur \u00e0 forte lueur avec de l&rsquo;huile \u00e9gyptienne, du glutathion et&hellip;<\/p>","protected":false},"featured_media":3803,"comment_status":"closed","ping_status":"closed","template":"","meta":[],"product_brand":[],"product_cat":[79,81],"product_tag":[],"class_list":{"0":"post-3802","1":"product","2":"type-product","3":"status-publish","4":"has-post-thumbnail","6":"product_cat-cosmetique","7":"product_cat-laits","9":"first","10":"instock","11":"shipping-taxable","12":"purchasable","13":"product-type-simple","14":"layout-style-1","15":"col-md-4 col-sm-4 col-xs-6","16":"col-lg-3","17":"product-has-gallery","18":"product-style-default"},"_links":{"self":[{"href":"https:\/\/www.linebeautyshop.fr\/fr_fr\/wp-json\/wp\/v2\/product\/3802","targetHints":{"allow":["GET"]}}],"collection":[{"href":"https:\/\/www.linebeautyshop.fr\/fr_fr\/wp-json\/wp\/v2\/product"}],"about":[{"href":"https:\/\/www.linebeautyshop.fr\/fr_fr\/wp-json\/wp\/v2\/types\/product"}],"replies":[{"embeddable":true,"href":"https:\/\/www.linebeautyshop.fr\/fr_fr\/wp-json\/wp\/v2\/comments?post=3802"}],"wp:featuredmedia":[{"embeddable":true,"href":"https:\/\/www.linebeautyshop.fr\/fr_fr\/wp-json\/wp\/v2\/media\/3803"}],"wp:attachment":[{"href":"https:\/\/www.linebeautyshop.fr\/fr_fr\/wp-json\/wp\/v2\/media?parent=3802"}],"wp:term":[{"taxonomy":"product_brand","embeddable":true,"href":"https:\/\/www.linebeautyshop.fr\/fr_fr\/wp-json\/wp\/v2\/product_brand?post=3802"},{"taxonomy":"product_cat","embeddable":true,"href":"https:\/\/www.linebeautyshop.fr\/fr_fr\/wp-json\/wp\/v2\/product_cat?post=3802"},{"taxonomy":"product_tag","embeddable":true,"href":"https:\/\/www.linebeautyshop.fr\/fr_fr\/wp-json\/wp\/v2\/product_tag?post=3802"}],"curies":[{"name":"wp","href":"https:\/\/api.w.org\/{rel}","templated":true}]}}