{"id":3811,"date":"2023-04-08T20:39:49","date_gmt":"2023-04-08T20:39:49","guid":{"rendered":"https:\/\/www.linebeautyshop.com\/?post_type=product&#038;p=3811"},"modified":"2023-04-09T04:30:26","modified_gmt":"2023-04-09T04:30:26","slug":"lait-eclaircissant-filipino-collagene-500-ml","status":"publish","type":"product","link":"https:\/\/www.linebeautyshop.fr\/fr_fr\/produit\/lait-eclaircissant-filipino-collagene-500-ml\/","title":{"rendered":"Filipino  Lait Eclaircissant Collag\u00e8ne 500 ml"},"content":{"rendered":"","protected":false},"excerpt":{"rendered":"<p>Lait Eclaircissant<\/p>\n<p>Filipino Injection Lotion est une formule unique et une lotion protectrice pour la peau qui offre une d\u00e9fense compl\u00e8te contre le soleil car elle blanchit visiblement en seulement 14 jours. Le SPF 30 int\u00e9gr\u00e9 prot\u00e8ge efficacement la peau contre les rayons UVA et UVB nocifs pour \u00e9viter l&rsquo;assombrissement, tout en \u00e9tant micro-encapsul\u00e9. La technologie enferme les ingr\u00e9dients actifs dans une microsph\u00e8re pour assurer un pouvoir blanchissant maximal. Hypoallerg\u00e9nique formul\u00e9 par des experts et test\u00e9 par des dermatologues.<\/p>","protected":false},"featured_media":3812,"comment_status":"closed","ping_status":"closed","template":"","meta":[],"product_brand":[],"product_cat":[79,81],"product_tag":[],"class_list":{"0":"post-3811","1":"product","2":"type-product","3":"status-publish","4":"has-post-thumbnail","6":"product_cat-cosmetique","7":"product_cat-laits","9":"first","10":"instock","11":"shipping-taxable","12":"purchasable","13":"product-type-simple","14":"layout-style-1","15":"col-md-4 col-sm-4 col-xs-6","16":"col-lg-3","17":"product-has-gallery","18":"product-style-default"},"_links":{"self":[{"href":"https:\/\/www.linebeautyshop.fr\/fr_fr\/wp-json\/wp\/v2\/product\/3811","targetHints":{"allow":["GET"]}}],"collection":[{"href":"https:\/\/www.linebeautyshop.fr\/fr_fr\/wp-json\/wp\/v2\/product"}],"about":[{"href":"https:\/\/www.linebeautyshop.fr\/fr_fr\/wp-json\/wp\/v2\/types\/product"}],"replies":[{"embeddable":true,"href":"https:\/\/www.linebeautyshop.fr\/fr_fr\/wp-json\/wp\/v2\/comments?post=3811"}],"wp:featuredmedia":[{"embeddable":true,"href":"https:\/\/www.linebeautyshop.fr\/fr_fr\/wp-json\/wp\/v2\/media\/3812"}],"wp:attachment":[{"href":"https:\/\/www.linebeautyshop.fr\/fr_fr\/wp-json\/wp\/v2\/media?parent=3811"}],"wp:term":[{"taxonomy":"product_brand","embeddable":true,"href":"https:\/\/www.linebeautyshop.fr\/fr_fr\/wp-json\/wp\/v2\/product_brand?post=3811"},{"taxonomy":"product_cat","embeddable":true,"href":"https:\/\/www.linebeautyshop.fr\/fr_fr\/wp-json\/wp\/v2\/product_cat?post=3811"},{"taxonomy":"product_tag","embeddable":true,"href":"https:\/\/www.linebeautyshop.fr\/fr_fr\/wp-json\/wp\/v2\/product_tag?post=3811"}],"curies":[{"name":"wp","href":"https:\/\/api.w.org\/{rel}","templated":true}]}}