{"id":3817,"date":"2023-04-08T21:30:07","date_gmt":"2023-04-08T21:30:07","guid":{"rendered":"https:\/\/www.linebeautyshop.com\/?post_type=product&#038;p=3817"},"modified":"2023-04-08T21:30:07","modified_gmt":"2023-04-08T21:30:07","slug":"cindella-lait-eclaircissant-500ml","status":"publish","type":"product","link":"https:\/\/www.linebeautyshop.fr\/fr_fr\/produit\/cindella-lait-eclaircissant-500ml\/","title":{"rendered":"Cindella lait Eclaircissant  500ml"},"content":{"rendered":"<p>Une formule CINDELLA Body Lotion, \u00e9claircissant intensif qui \u00e9limine les t\u00e2ches sombres<\/p>\n<p>en donnant \u00e0 la peau un teint uniforme<\/p>","protected":false},"excerpt":{"rendered":"<p>Cindella lait Eclaircissant Anti tache Anti Age Anti Oxydants A La Vitamine C. 500ml<\/p>","protected":false},"featured_media":3818,"comment_status":"closed","ping_status":"closed","template":"","meta":[],"product_brand":[],"product_cat":[79,81],"product_tag":[],"class_list":{"0":"post-3817","1":"product","2":"type-product","3":"status-publish","4":"has-post-thumbnail","6":"product_cat-cosmetique","7":"product_cat-laits","9":"first","10":"instock","11":"shipping-taxable","12":"purchasable","13":"product-type-simple","14":"layout-style-1","15":"col-md-4 col-sm-4 col-xs-6","16":"col-lg-3","17":"product-has-gallery","18":"product-style-default"},"_links":{"self":[{"href":"https:\/\/www.linebeautyshop.fr\/fr_fr\/wp-json\/wp\/v2\/product\/3817","targetHints":{"allow":["GET"]}}],"collection":[{"href":"https:\/\/www.linebeautyshop.fr\/fr_fr\/wp-json\/wp\/v2\/product"}],"about":[{"href":"https:\/\/www.linebeautyshop.fr\/fr_fr\/wp-json\/wp\/v2\/types\/product"}],"replies":[{"embeddable":true,"href":"https:\/\/www.linebeautyshop.fr\/fr_fr\/wp-json\/wp\/v2\/comments?post=3817"}],"wp:featuredmedia":[{"embeddable":true,"href":"https:\/\/www.linebeautyshop.fr\/fr_fr\/wp-json\/wp\/v2\/media\/3818"}],"wp:attachment":[{"href":"https:\/\/www.linebeautyshop.fr\/fr_fr\/wp-json\/wp\/v2\/media?parent=3817"}],"wp:term":[{"taxonomy":"product_brand","embeddable":true,"href":"https:\/\/www.linebeautyshop.fr\/fr_fr\/wp-json\/wp\/v2\/product_brand?post=3817"},{"taxonomy":"product_cat","embeddable":true,"href":"https:\/\/www.linebeautyshop.fr\/fr_fr\/wp-json\/wp\/v2\/product_cat?post=3817"},{"taxonomy":"product_tag","embeddable":true,"href":"https:\/\/www.linebeautyshop.fr\/fr_fr\/wp-json\/wp\/v2\/product_tag?post=3817"}],"curies":[{"name":"wp","href":"https:\/\/api.w.org\/{rel}","templated":true}]}}